{"id":54679,"date":"2023-06-22T09:13:55","date_gmt":"2023-06-22T07:13:55","guid":{"rendered":"https:\/\/sevensenders.com\/?page_id=54679"},"modified":"2023-06-29T09:35:12","modified_gmt":"2023-06-29T07:35:12","slug":"pudo-locator","status":"publish","type":"page","link":"https:\/\/sevensenders.com\/pl\/pudo-locator\/","title":{"rendered":"PUDO Locator dla dostaw poza domem"},"content":{"rendered":"","protected":false},"excerpt":{"rendered":"<p>\n","protected":false},"author":157271541,"featured_media":0,"parent":0,"menu_order":0,"comment_status":"closed","ping_status":"closed","template":"page-templates\/landing-page-template.php","meta":{"_acf_changed":false,"_crdt_document":"","content-type":"","jetpack_post_was_ever_published":false,"footnotes":""},"class_list":["post-54679","page","type-page","status-publish","hentry"],"acf":[],"yoast_head":"<!-- This site is optimized with the Yoast SEO plugin v27.1.1 - https:\/\/yoast.com\/product\/yoast-seo-wordpress\/ -->\n<title>PUDO Locator dla dostaw poza domem - Seven Senders<\/title>\n<meta name=\"description\" content=\"Seven Senders zapewnia latwy dostep do wszystkich europejskich PUDO za posrednictwem integracji API. Dodaj PUDO Locator do swojego sklepu internetowego!\" \/>\n<meta name=\"robots\" content=\"index, follow, max-snippet:-1, max-image-preview:large, max-video-preview:-1\" \/>\n<link rel=\"canonical\" href=\"https:\/\/sevensenders.com\/pl\/pudo-locator\/\" \/>\n<meta property=\"og:locale\" content=\"pl_PL\" \/>\n<meta property=\"og:type\" content=\"article\" \/>\n<meta property=\"og:title\" content=\"PUDO Locator dla dostaw poza domem - Seven Senders\" \/>\n<meta property=\"og:description\" content=\"Seven Senders zapewnia \u0142atwy dost\u0119p do wszystkich europejskich PUDO za po\u015brednictwem integracji API. Dodaj PUDO Locator do swojego sklepu internetowego!\" \/>\n<meta property=\"og:url\" content=\"https:\/\/sevensenders.com\/pl\/pudo-locator\/\" \/>\n<meta property=\"og:site_name\" content=\"Seven Senders\" \/>\n<meta property=\"article:modified_time\" content=\"2023-06-29T07:35:12+00:00\" \/>\n<meta name=\"twitter:card\" content=\"summary_large_image\" \/>\n<script type=\"application\/ld+json\" class=\"yoast-schema-graph\">{\"@context\":\"https:\/\/schema.org\",\"@graph\":[{\"@type\":\"WebPage\",\"@id\":\"https:\/\/sevensenders.com\/pl\/pudo-locator\/\",\"url\":\"https:\/\/sevensenders.com\/pl\/pudo-locator\/\",\"name\":\"PUDO Locator dla dostaw poza domem - Seven Senders\",\"isPartOf\":{\"@id\":\"https:\/\/sevensenders.com\/pl\/#website\"},\"datePublished\":\"2023-06-22T07:13:55+00:00\",\"dateModified\":\"2023-06-29T07:35:12+00:00\",\"description\":\"Seven Senders zapewnia \u0142atwy dost\u0119p do wszystkich europejskich PUDO za po\u015brednictwem integracji API. Dodaj PUDO Locator do swojego sklepu internetowego!\",\"breadcrumb\":{\"@id\":\"https:\/\/sevensenders.com\/pl\/pudo-locator\/#breadcrumb\"},\"inLanguage\":\"pl-PL\",\"potentialAction\":[{\"@type\":\"ReadAction\",\"target\":[\"https:\/\/sevensenders.com\/pl\/pudo-locator\/\"]}]},{\"@type\":\"BreadcrumbList\",\"@id\":\"https:\/\/sevensenders.com\/pl\/pudo-locator\/#breadcrumb\",\"itemListElement\":[{\"@type\":\"ListItem\",\"position\":1,\"name\":\"Home\",\"item\":\"https:\/\/sevensenders.com\/pl\/\"},{\"@type\":\"ListItem\",\"position\":2,\"name\":\"PUDO Locator dla dostaw poza domem\"}]},{\"@type\":\"WebSite\",\"@id\":\"https:\/\/sevensenders.com\/pl\/#website\",\"url\":\"https:\/\/sevensenders.com\/pl\/\",\"name\":\"Seven Senders\",\"description\":\"\",\"potentialAction\":[{\"@type\":\"SearchAction\",\"target\":{\"@type\":\"EntryPoint\",\"urlTemplate\":\"https:\/\/sevensenders.com\/pl\/?s={search_term_string}\"},\"query-input\":{\"@type\":\"PropertyValueSpecification\",\"valueRequired\":true,\"valueName\":\"search_term_string\"}}],\"inLanguage\":\"pl-PL\"}]}<\/script>\n<!-- \/ Yoast SEO plugin. -->","yoast_head_json":{"title":"PUDO Locator dla dostaw poza domem - Seven Senders","description":"Seven Senders zapewnia latwy dostep do wszystkich europejskich PUDO za posrednictwem integracji API. Dodaj PUDO Locator do swojego sklepu internetowego!","robots":{"index":"index","follow":"follow","max-snippet":"max-snippet:-1","max-image-preview":"max-image-preview:large","max-video-preview":"max-video-preview:-1"},"canonical":"https:\/\/sevensenders.com\/pl\/pudo-locator\/","og_locale":"pl_PL","og_type":"article","og_title":"PUDO Locator dla dostaw poza domem - Seven Senders","og_description":"Seven Senders zapewnia \u0142atwy dost\u0119p do wszystkich europejskich PUDO za po\u015brednictwem integracji API. Dodaj PUDO Locator do swojego sklepu internetowego!","og_url":"https:\/\/sevensenders.com\/pl\/pudo-locator\/","og_site_name":"Seven Senders","article_modified_time":"2023-06-29T07:35:12+00:00","twitter_card":"summary_large_image","schema":{"@context":"https:\/\/schema.org","@graph":[{"@type":"WebPage","@id":"https:\/\/sevensenders.com\/pl\/pudo-locator\/","url":"https:\/\/sevensenders.com\/pl\/pudo-locator\/","name":"PUDO Locator dla dostaw poza domem - Seven Senders","isPartOf":{"@id":"https:\/\/sevensenders.com\/pl\/#website"},"datePublished":"2023-06-22T07:13:55+00:00","dateModified":"2023-06-29T07:35:12+00:00","description":"Seven Senders zapewnia \u0142atwy dost\u0119p do wszystkich europejskich PUDO za po\u015brednictwem integracji API. Dodaj PUDO Locator do swojego sklepu internetowego!","breadcrumb":{"@id":"https:\/\/sevensenders.com\/pl\/pudo-locator\/#breadcrumb"},"inLanguage":"pl-PL","potentialAction":[{"@type":"ReadAction","target":["https:\/\/sevensenders.com\/pl\/pudo-locator\/"]}]},{"@type":"BreadcrumbList","@id":"https:\/\/sevensenders.com\/pl\/pudo-locator\/#breadcrumb","itemListElement":[{"@type":"ListItem","position":1,"name":"Home","item":"https:\/\/sevensenders.com\/pl\/"},{"@type":"ListItem","position":2,"name":"PUDO Locator dla dostaw poza domem"}]},{"@type":"WebSite","@id":"https:\/\/sevensenders.com\/pl\/#website","url":"https:\/\/sevensenders.com\/pl\/","name":"Seven Senders","description":"","potentialAction":[{"@type":"SearchAction","target":{"@type":"EntryPoint","urlTemplate":"https:\/\/sevensenders.com\/pl\/?s={search_term_string}"},"query-input":{"@type":"PropertyValueSpecification","valueRequired":true,"valueName":"search_term_string"}}],"inLanguage":"pl-PL"}]}},"jetpack_shortlink":"https:\/\/wp.me\/PaXK3k-edV","jetpack_sharing_enabled":true,"amp_enabled":false,"_links":{"self":[{"href":"https:\/\/sevensenders.com\/pl\/wp-json\/wp\/v2\/pages\/54679","targetHints":{"allow":["GET"]}}],"collection":[{"href":"https:\/\/sevensenders.com\/pl\/wp-json\/wp\/v2\/pages"}],"about":[{"href":"https:\/\/sevensenders.com\/pl\/wp-json\/wp\/v2\/types\/page"}],"author":[{"embeddable":true,"href":"https:\/\/sevensenders.com\/pl\/wp-json\/wp\/v2\/users\/157271541"}],"replies":[{"embeddable":true,"href":"https:\/\/sevensenders.com\/pl\/wp-json\/wp\/v2\/comments?post=54679"}],"version-history":[{"count":22,"href":"https:\/\/sevensenders.com\/pl\/wp-json\/wp\/v2\/pages\/54679\/revisions"}],"predecessor-version":[{"id":55207,"href":"https:\/\/sevensenders.com\/pl\/wp-json\/wp\/v2\/pages\/54679\/revisions\/55207"}],"wp:attachment":[{"href":"https:\/\/sevensenders.com\/pl\/wp-json\/wp\/v2\/media?parent=54679"}],"curies":[{"name":"wp","href":"https:\/\/api.w.org\/{rel}","templated":true}]}}