{"id":44976,"date":"2019-10-08T10:24:04","date_gmt":"2019-10-08T08:24:04","guid":{"rendered":"https:\/\/sevensenders.com\/solutions\/increase-sales\/"},"modified":"2024-09-23T14:17:07","modified_gmt":"2024-09-23T12:17:07","slug":"wieksza-sprzedaz","status":"publish","type":"page","link":"https:\/\/sevensenders.com\/pl\/rozwiazania\/wieksza-sprzedaz\/","title":{"rendered":"Wi\u0119ksza sprzeda\u017c"},"content":{"rendered":"","protected":false},"excerpt":{"rendered":"<p>\n","protected":false},"author":157271532,"featured_media":0,"parent":44871,"menu_order":0,"comment_status":"closed","ping_status":"closed","template":"page-templates\/solution.php","meta":{"_acf_changed":false,"_crdt_document":"","content-type":"","footnotes":""},"class_list":["post-44976","page","type-page","status-publish","hentry"],"acf":[],"yoast_head":"<!-- This site is optimized with the Yoast SEO plugin v27.4 - https:\/\/yoast.com\/product\/yoast-seo-wordpress\/ -->\n<title>Wieksza sprzedaz dzieki szybkim przesylkom - Seven Senders<\/title>\n<meta name=\"description\" content=\"Zoptymalizowane wysylki miedzynarodowe umozliwiaja podbijanie nowych rynkow. Teraz mozna zwiekszyc zadowolenie klientow i podwoic sprzedaz poprzez optymalizacje logistyki.\" \/>\n<meta name=\"robots\" content=\"index, follow, max-snippet:-1, max-image-preview:large, max-video-preview:-1\" \/>\n<link rel=\"canonical\" href=\"https:\/\/sevensenders.com\/pl\/rozwiazania\/wieksza-sprzedaz\/\" \/>\n<meta property=\"og:locale\" content=\"pl_PL\" \/>\n<meta property=\"og:type\" content=\"article\" \/>\n<meta property=\"og:title\" content=\"Wi\u0119ksza sprzeda\u017c dzi\u0119ki szybkim przesy\u0142kom - Seven Senders\" \/>\n<meta property=\"og:description\" content=\"Zoptymalizowane wysy\u0142ki mi\u0119dzynarodowe umo\u017cliwiaj\u0105 podbijanie nowych rynk\u00f3w. Teraz mo\u017cna zwi\u0119kszy\u0107 zadowolenie klient\u00f3w i podwoi\u0107 sprzeda\u017c poprzez optymalizacj\u0119 logistyki.\" \/>\n<meta property=\"og:url\" content=\"https:\/\/sevensenders.com\/pl\/rozwiazania\/wieksza-sprzedaz\/\" \/>\n<meta property=\"og:site_name\" content=\"Seven Senders\" \/>\n<meta property=\"article:modified_time\" content=\"2024-09-23T12:17:07+00:00\" \/>\n<meta name=\"twitter:card\" content=\"summary_large_image\" \/>\n<script type=\"application\/ld+json\" class=\"yoast-schema-graph\">{\"@context\":\"https:\\\/\\\/schema.org\",\"@graph\":[{\"@type\":\"WebPage\",\"@id\":\"https:\\\/\\\/sevensenders.com\\\/pl\\\/rozwiazania\\\/wieksza-sprzedaz\\\/\",\"url\":\"https:\\\/\\\/sevensenders.com\\\/pl\\\/rozwiazania\\\/wieksza-sprzedaz\\\/\",\"name\":\"Wi\u0119ksza sprzeda\u017c dzi\u0119ki szybkim przesy\u0142kom - Seven Senders\",\"isPartOf\":{\"@id\":\"https:\\\/\\\/sevensenders.com\\\/pl\\\/#website\"},\"datePublished\":\"2019-10-08T08:24:04+00:00\",\"dateModified\":\"2024-09-23T12:17:07+00:00\",\"description\":\"Zoptymalizowane wysy\u0142ki mi\u0119dzynarodowe umo\u017cliwiaj\u0105 podbijanie nowych rynk\u00f3w. Teraz mo\u017cna zwi\u0119kszy\u0107 zadowolenie klient\u00f3w i podwoi\u0107 sprzeda\u017c poprzez optymalizacj\u0119 logistyki.\",\"breadcrumb\":{\"@id\":\"https:\\\/\\\/sevensenders.com\\\/pl\\\/rozwiazania\\\/wieksza-sprzedaz\\\/#breadcrumb\"},\"inLanguage\":\"pl-PL\",\"potentialAction\":[{\"@type\":\"ReadAction\",\"target\":[\"https:\\\/\\\/sevensenders.com\\\/pl\\\/rozwiazania\\\/wieksza-sprzedaz\\\/\"]}]},{\"@type\":\"BreadcrumbList\",\"@id\":\"https:\\\/\\\/sevensenders.com\\\/pl\\\/rozwiazania\\\/wieksza-sprzedaz\\\/#breadcrumb\",\"itemListElement\":[{\"@type\":\"ListItem\",\"position\":1,\"name\":\"Home\",\"item\":\"https:\\\/\\\/sevensenders.com\\\/pl\\\/\"},{\"@type\":\"ListItem\",\"position\":2,\"name\":\"Rozwi\u0105zania\",\"item\":\"https:\\\/\\\/sevensenders.com\\\/pl\\\/rozwiazania\\\/\"},{\"@type\":\"ListItem\",\"position\":3,\"name\":\"Wi\u0119ksza sprzeda\u017c\"}]},{\"@type\":\"WebSite\",\"@id\":\"https:\\\/\\\/sevensenders.com\\\/pl\\\/#website\",\"url\":\"https:\\\/\\\/sevensenders.com\\\/pl\\\/\",\"name\":\"Seven Senders\",\"description\":\"\",\"potentialAction\":[{\"@type\":\"SearchAction\",\"target\":{\"@type\":\"EntryPoint\",\"urlTemplate\":\"https:\\\/\\\/sevensenders.com\\\/pl\\\/?s={search_term_string}\"},\"query-input\":{\"@type\":\"PropertyValueSpecification\",\"valueRequired\":true,\"valueName\":\"search_term_string\"}}],\"inLanguage\":\"pl-PL\"}]}<\/script>\n<!-- \/ Yoast SEO plugin. -->","yoast_head_json":{"title":"Wieksza sprzedaz dzieki szybkim przesylkom - Seven Senders","description":"Zoptymalizowane wysylki miedzynarodowe umozliwiaja podbijanie nowych rynkow. Teraz mozna zwiekszyc zadowolenie klientow i podwoic sprzedaz poprzez optymalizacje logistyki.","robots":{"index":"index","follow":"follow","max-snippet":"max-snippet:-1","max-image-preview":"max-image-preview:large","max-video-preview":"max-video-preview:-1"},"canonical":"https:\/\/sevensenders.com\/pl\/rozwiazania\/wieksza-sprzedaz\/","og_locale":"pl_PL","og_type":"article","og_title":"Wi\u0119ksza sprzeda\u017c dzi\u0119ki szybkim przesy\u0142kom - Seven Senders","og_description":"Zoptymalizowane wysy\u0142ki mi\u0119dzynarodowe umo\u017cliwiaj\u0105 podbijanie nowych rynk\u00f3w. Teraz mo\u017cna zwi\u0119kszy\u0107 zadowolenie klient\u00f3w i podwoi\u0107 sprzeda\u017c poprzez optymalizacj\u0119 logistyki.","og_url":"https:\/\/sevensenders.com\/pl\/rozwiazania\/wieksza-sprzedaz\/","og_site_name":"Seven Senders","article_modified_time":"2024-09-23T12:17:07+00:00","twitter_card":"summary_large_image","schema":{"@context":"https:\/\/schema.org","@graph":[{"@type":"WebPage","@id":"https:\/\/sevensenders.com\/pl\/rozwiazania\/wieksza-sprzedaz\/","url":"https:\/\/sevensenders.com\/pl\/rozwiazania\/wieksza-sprzedaz\/","name":"Wi\u0119ksza sprzeda\u017c dzi\u0119ki szybkim przesy\u0142kom - Seven Senders","isPartOf":{"@id":"https:\/\/sevensenders.com\/pl\/#website"},"datePublished":"2019-10-08T08:24:04+00:00","dateModified":"2024-09-23T12:17:07+00:00","description":"Zoptymalizowane wysy\u0142ki mi\u0119dzynarodowe umo\u017cliwiaj\u0105 podbijanie nowych rynk\u00f3w. Teraz mo\u017cna zwi\u0119kszy\u0107 zadowolenie klient\u00f3w i podwoi\u0107 sprzeda\u017c poprzez optymalizacj\u0119 logistyki.","breadcrumb":{"@id":"https:\/\/sevensenders.com\/pl\/rozwiazania\/wieksza-sprzedaz\/#breadcrumb"},"inLanguage":"pl-PL","potentialAction":[{"@type":"ReadAction","target":["https:\/\/sevensenders.com\/pl\/rozwiazania\/wieksza-sprzedaz\/"]}]},{"@type":"BreadcrumbList","@id":"https:\/\/sevensenders.com\/pl\/rozwiazania\/wieksza-sprzedaz\/#breadcrumb","itemListElement":[{"@type":"ListItem","position":1,"name":"Home","item":"https:\/\/sevensenders.com\/pl\/"},{"@type":"ListItem","position":2,"name":"Rozwi\u0105zania","item":"https:\/\/sevensenders.com\/pl\/rozwiazania\/"},{"@type":"ListItem","position":3,"name":"Wi\u0119ksza sprzeda\u017c"}]},{"@type":"WebSite","@id":"https:\/\/sevensenders.com\/pl\/#website","url":"https:\/\/sevensenders.com\/pl\/","name":"Seven Senders","description":"","potentialAction":[{"@type":"SearchAction","target":{"@type":"EntryPoint","urlTemplate":"https:\/\/sevensenders.com\/pl\/?s={search_term_string}"},"query-input":{"@type":"PropertyValueSpecification","valueRequired":true,"valueName":"search_term_string"}}],"inLanguage":"pl-PL"}]}},"jetpack_shortlink":"https:\/\/wp.me\/PaXK3k-bHq","jetpack_sharing_enabled":true,"amp_enabled":false,"_links":{"self":[{"href":"https:\/\/sevensenders.com\/pl\/wp-json\/wp\/v2\/pages\/44976","targetHints":{"allow":["GET"]}}],"collection":[{"href":"https:\/\/sevensenders.com\/pl\/wp-json\/wp\/v2\/pages"}],"about":[{"href":"https:\/\/sevensenders.com\/pl\/wp-json\/wp\/v2\/types\/page"}],"author":[{"embeddable":true,"href":"https:\/\/sevensenders.com\/pl\/wp-json\/wp\/v2\/users\/157271532"}],"replies":[{"embeddable":true,"href":"https:\/\/sevensenders.com\/pl\/wp-json\/wp\/v2\/comments?post=44976"}],"version-history":[{"count":2,"href":"https:\/\/sevensenders.com\/pl\/wp-json\/wp\/v2\/pages\/44976\/revisions"}],"predecessor-version":[{"id":59105,"href":"https:\/\/sevensenders.com\/pl\/wp-json\/wp\/v2\/pages\/44976\/revisions\/59105"}],"up":[{"embeddable":true,"href":"https:\/\/sevensenders.com\/pl\/wp-json\/wp\/v2\/pages\/44871"}],"wp:attachment":[{"href":"https:\/\/sevensenders.com\/pl\/wp-json\/wp\/v2\/media?parent=44976"}],"curies":[{"name":"wp","href":"https:\/\/api.w.org\/{rel}","templated":true}]}}