{"id":44895,"date":"2022-02-23T20:23:42","date_gmt":"2022-02-23T19:23:42","guid":{"rendered":"https:\/\/sevensenders.com\/solutions\/europe-wide-shipping\/"},"modified":"2024-09-23T11:34:41","modified_gmt":"2024-09-23T09:34:41","slug":"wysylka-na-terenie-calej-europy","status":"publish","type":"page","link":"https:\/\/sevensenders.com\/pl\/rozwiazania\/wysylka-na-terenie-calej-europy\/","title":{"rendered":"Wysy\u0142ka na terenie ca\u0142ej Europy"},"content":{"rendered":"<table>\n<tbody>\n<tr>\n<td width=\"601\">Wysy\u0142ka na terenie ca\u0142ej Europy<\/td>\n<\/tr>\n<\/tbody>\n<\/table>\n","protected":false},"excerpt":{"rendered":"<p>Wysy\u0142ka na terenie ca\u0142ej Europy<\/p>\n<p>\n","protected":false},"author":155943245,"featured_media":0,"parent":44871,"menu_order":0,"comment_status":"closed","ping_status":"closed","template":"page-templates\/solution.php","meta":{"_acf_changed":false,"_crdt_document":"","content-type":"","footnotes":""},"class_list":["post-44895","page","type-page","status-publish","hentry"],"acf":[],"yoast_head":"<!-- This site is optimized with the Yoast SEO plugin v27.5 - https:\/\/yoast.com\/product\/yoast-seo-wordpress\/ -->\n<title>Przesylki na terenie calej Europy z jednego zrodla - Seven Senders<\/title>\n<meta name=\"description\" content=\"Partner logistyczny do przesylek na terenie calej Europy \u2013 firma Seven Senders polaczy Panstwa z wlasciwym przewoznikiem! Zapraszamy do korzystania z uslug naszej platformy wysylkowej!\" \/>\n<meta name=\"robots\" content=\"index, follow, max-snippet:-1, max-image-preview:large, max-video-preview:-1\" \/>\n<link rel=\"canonical\" href=\"https:\/\/sevensenders.com\/pl\/rozwiazania\/wysylka-na-terenie-calej-europy\/\" \/>\n<meta property=\"og:locale\" content=\"pl_PL\" \/>\n<meta property=\"og:type\" content=\"article\" \/>\n<meta property=\"og:title\" content=\"Przesy\u0142ki na terenie ca\u0142ej Europy z jednego \u017ar\u00f3d\u0142a - Seven Senders\" \/>\n<meta property=\"og:description\" content=\"Partner logistyczny do przesy\u0142ek na terenie ca\u0142ej Europy \u2013 firma Seven Senders po\u0142\u0105czy Pa\u0144stwa z w\u0142a\u015bciwym przewo\u017anikiem! Zapraszamy do korzystania z us\u0142ug naszej platformy wysy\u0142kowej!\" \/>\n<meta property=\"og:url\" content=\"https:\/\/sevensenders.com\/pl\/rozwiazania\/wysylka-na-terenie-calej-europy\/\" \/>\n<meta property=\"og:site_name\" content=\"Seven Senders\" \/>\n<meta property=\"article:modified_time\" content=\"2024-09-23T09:34:41+00:00\" \/>\n<meta name=\"twitter:card\" content=\"summary_large_image\" \/>\n<meta name=\"twitter:label1\" content=\"Szacowany czas czytania\" \/>\n\t<meta name=\"twitter:data1\" content=\"1 minuta\" \/>\n<script type=\"application\/ld+json\" class=\"yoast-schema-graph\">{\"@context\":\"https:\\\/\\\/schema.org\",\"@graph\":[{\"@type\":\"WebPage\",\"@id\":\"https:\\\/\\\/sevensenders.com\\\/pl\\\/rozwiazania\\\/wysylka-na-terenie-calej-europy\\\/\",\"url\":\"https:\\\/\\\/sevensenders.com\\\/pl\\\/rozwiazania\\\/wysylka-na-terenie-calej-europy\\\/\",\"name\":\"Przesy\u0142ki na terenie ca\u0142ej Europy z jednego \u017ar\u00f3d\u0142a - Seven Senders\",\"isPartOf\":{\"@id\":\"https:\\\/\\\/sevensenders.com\\\/pl\\\/#website\"},\"datePublished\":\"2022-02-23T19:23:42+00:00\",\"dateModified\":\"2024-09-23T09:34:41+00:00\",\"description\":\"Partner logistyczny do przesy\u0142ek na terenie ca\u0142ej Europy \u2013 firma Seven Senders po\u0142\u0105czy Pa\u0144stwa z w\u0142a\u015bciwym przewo\u017anikiem! Zapraszamy do korzystania z us\u0142ug naszej platformy wysy\u0142kowej!\",\"breadcrumb\":{\"@id\":\"https:\\\/\\\/sevensenders.com\\\/pl\\\/rozwiazania\\\/wysylka-na-terenie-calej-europy\\\/#breadcrumb\"},\"inLanguage\":\"pl-PL\",\"potentialAction\":[{\"@type\":\"ReadAction\",\"target\":[\"https:\\\/\\\/sevensenders.com\\\/pl\\\/rozwiazania\\\/wysylka-na-terenie-calej-europy\\\/\"]}]},{\"@type\":\"BreadcrumbList\",\"@id\":\"https:\\\/\\\/sevensenders.com\\\/pl\\\/rozwiazania\\\/wysylka-na-terenie-calej-europy\\\/#breadcrumb\",\"itemListElement\":[{\"@type\":\"ListItem\",\"position\":1,\"name\":\"Home\",\"item\":\"https:\\\/\\\/sevensenders.com\\\/pl\\\/\"},{\"@type\":\"ListItem\",\"position\":2,\"name\":\"Rozwi\u0105zania\",\"item\":\"https:\\\/\\\/sevensenders.com\\\/pl\\\/rozwiazania\\\/\"},{\"@type\":\"ListItem\",\"position\":3,\"name\":\"Wysy\u0142ka na terenie ca\u0142ej Europy\"}]},{\"@type\":\"WebSite\",\"@id\":\"https:\\\/\\\/sevensenders.com\\\/pl\\\/#website\",\"url\":\"https:\\\/\\\/sevensenders.com\\\/pl\\\/\",\"name\":\"Seven Senders\",\"description\":\"\",\"potentialAction\":[{\"@type\":\"SearchAction\",\"target\":{\"@type\":\"EntryPoint\",\"urlTemplate\":\"https:\\\/\\\/sevensenders.com\\\/pl\\\/?s={search_term_string}\"},\"query-input\":{\"@type\":\"PropertyValueSpecification\",\"valueRequired\":true,\"valueName\":\"search_term_string\"}}],\"inLanguage\":\"pl-PL\"}]}<\/script>\n<!-- \/ Yoast SEO plugin. -->","yoast_head_json":{"title":"Przesylki na terenie calej Europy z jednego zrodla - Seven Senders","description":"Partner logistyczny do przesylek na terenie calej Europy \u2013 firma Seven Senders polaczy Panstwa z wlasciwym przewoznikiem! Zapraszamy do korzystania z uslug naszej platformy wysylkowej!","robots":{"index":"index","follow":"follow","max-snippet":"max-snippet:-1","max-image-preview":"max-image-preview:large","max-video-preview":"max-video-preview:-1"},"canonical":"https:\/\/sevensenders.com\/pl\/rozwiazania\/wysylka-na-terenie-calej-europy\/","og_locale":"pl_PL","og_type":"article","og_title":"Przesy\u0142ki na terenie ca\u0142ej Europy z jednego \u017ar\u00f3d\u0142a - Seven Senders","og_description":"Partner logistyczny do przesy\u0142ek na terenie ca\u0142ej Europy \u2013 firma Seven Senders po\u0142\u0105czy Pa\u0144stwa z w\u0142a\u015bciwym przewo\u017anikiem! Zapraszamy do korzystania z us\u0142ug naszej platformy wysy\u0142kowej!","og_url":"https:\/\/sevensenders.com\/pl\/rozwiazania\/wysylka-na-terenie-calej-europy\/","og_site_name":"Seven Senders","article_modified_time":"2024-09-23T09:34:41+00:00","twitter_card":"summary_large_image","twitter_misc":{"Szacowany czas czytania":"1 minuta"},"schema":{"@context":"https:\/\/schema.org","@graph":[{"@type":"WebPage","@id":"https:\/\/sevensenders.com\/pl\/rozwiazania\/wysylka-na-terenie-calej-europy\/","url":"https:\/\/sevensenders.com\/pl\/rozwiazania\/wysylka-na-terenie-calej-europy\/","name":"Przesy\u0142ki na terenie ca\u0142ej Europy z jednego \u017ar\u00f3d\u0142a - Seven Senders","isPartOf":{"@id":"https:\/\/sevensenders.com\/pl\/#website"},"datePublished":"2022-02-23T19:23:42+00:00","dateModified":"2024-09-23T09:34:41+00:00","description":"Partner logistyczny do przesy\u0142ek na terenie ca\u0142ej Europy \u2013 firma Seven Senders po\u0142\u0105czy Pa\u0144stwa z w\u0142a\u015bciwym przewo\u017anikiem! Zapraszamy do korzystania z us\u0142ug naszej platformy wysy\u0142kowej!","breadcrumb":{"@id":"https:\/\/sevensenders.com\/pl\/rozwiazania\/wysylka-na-terenie-calej-europy\/#breadcrumb"},"inLanguage":"pl-PL","potentialAction":[{"@type":"ReadAction","target":["https:\/\/sevensenders.com\/pl\/rozwiazania\/wysylka-na-terenie-calej-europy\/"]}]},{"@type":"BreadcrumbList","@id":"https:\/\/sevensenders.com\/pl\/rozwiazania\/wysylka-na-terenie-calej-europy\/#breadcrumb","itemListElement":[{"@type":"ListItem","position":1,"name":"Home","item":"https:\/\/sevensenders.com\/pl\/"},{"@type":"ListItem","position":2,"name":"Rozwi\u0105zania","item":"https:\/\/sevensenders.com\/pl\/rozwiazania\/"},{"@type":"ListItem","position":3,"name":"Wysy\u0142ka na terenie ca\u0142ej Europy"}]},{"@type":"WebSite","@id":"https:\/\/sevensenders.com\/pl\/#website","url":"https:\/\/sevensenders.com\/pl\/","name":"Seven Senders","description":"","potentialAction":[{"@type":"SearchAction","target":{"@type":"EntryPoint","urlTemplate":"https:\/\/sevensenders.com\/pl\/?s={search_term_string}"},"query-input":{"@type":"PropertyValueSpecification","valueRequired":true,"valueName":"search_term_string"}}],"inLanguage":"pl-PL"}]}},"jetpack_shortlink":"https:\/\/wp.me\/PaXK3k-bG7","jetpack_sharing_enabled":true,"amp_enabled":false,"_links":{"self":[{"href":"https:\/\/sevensenders.com\/pl\/wp-json\/wp\/v2\/pages\/44895","targetHints":{"allow":["GET"]}}],"collection":[{"href":"https:\/\/sevensenders.com\/pl\/wp-json\/wp\/v2\/pages"}],"about":[{"href":"https:\/\/sevensenders.com\/pl\/wp-json\/wp\/v2\/types\/page"}],"author":[{"embeddable":true,"href":"https:\/\/sevensenders.com\/pl\/wp-json\/wp\/v2\/users\/155943245"}],"replies":[{"embeddable":true,"href":"https:\/\/sevensenders.com\/pl\/wp-json\/wp\/v2\/comments?post=44895"}],"version-history":[{"count":6,"href":"https:\/\/sevensenders.com\/pl\/wp-json\/wp\/v2\/pages\/44895\/revisions"}],"predecessor-version":[{"id":59083,"href":"https:\/\/sevensenders.com\/pl\/wp-json\/wp\/v2\/pages\/44895\/revisions\/59083"}],"up":[{"embeddable":true,"href":"https:\/\/sevensenders.com\/pl\/wp-json\/wp\/v2\/pages\/44871"}],"wp:attachment":[{"href":"https:\/\/sevensenders.com\/pl\/wp-json\/wp\/v2\/media?parent=44895"}],"curies":[{"name":"wp","href":"https:\/\/api.w.org\/{rel}","templated":true}]}}