{"id":44793,"date":"2019-10-11T15:01:14","date_gmt":"2019-10-11T13:01:14","guid":{"rendered":"https:\/\/sevensenders.com\/contact\/"},"modified":"2024-12-19T10:31:07","modified_gmt":"2024-12-19T09:31:07","slug":"kontakt","status":"publish","type":"page","link":"https:\/\/sevensenders.com\/pl\/kontakt\/","title":{"rendered":"Kontakt"},"content":{"rendered":"","protected":false},"excerpt":{"rendered":"<p>\n","protected":false},"author":155943245,"featured_media":0,"parent":0,"menu_order":0,"comment_status":"closed","ping_status":"closed","template":"page-templates\/contact.php","meta":{"_acf_changed":false,"_crdt_document":"","content-type":"","footnotes":""},"class_list":["post-44793","page","type-page","status-publish","hentry"],"acf":[],"yoast_head":"<!-- This site is optimized with the Yoast SEO plugin v27.5 - https:\/\/yoast.com\/product\/yoast-seo-wordpress\/ -->\n<title>Kontakt - Seven Senders<\/title>\n<meta name=\"description\" content=\"Czy maja Panstwo pytania dotyczace dostaw transgranicznych oferowanych przez Seven Senders Zapraszamy do kontaktu z nasze biura.\" \/>\n<meta name=\"robots\" content=\"index, follow, max-snippet:-1, max-image-preview:large, max-video-preview:-1\" \/>\n<link rel=\"canonical\" href=\"https:\/\/sevensenders.com\/pl\/kontakt\/\" \/>\n<meta property=\"og:locale\" content=\"pl_PL\" \/>\n<meta property=\"og:type\" content=\"article\" \/>\n<meta property=\"og:title\" content=\"Kontakt - Seven Senders\" \/>\n<meta property=\"og:description\" content=\"Czy maj\u0105 Pa\u0144stwo pytania dotycz\u0105ce dostaw transgranicznych oferowanych przez Seven Senders? Zapraszamy do kontaktu z nasze biura.\" \/>\n<meta property=\"og:url\" content=\"https:\/\/sevensenders.com\/pl\/kontakt\/\" \/>\n<meta property=\"og:site_name\" content=\"Seven Senders\" \/>\n<meta property=\"article:modified_time\" content=\"2024-12-19T09:31:07+00:00\" \/>\n<meta name=\"twitter:card\" content=\"summary_large_image\" \/>\n<script type=\"application\/ld+json\" class=\"yoast-schema-graph\">{\"@context\":\"https:\\\/\\\/schema.org\",\"@graph\":[{\"@type\":\"WebPage\",\"@id\":\"https:\\\/\\\/sevensenders.com\\\/pl\\\/kontakt\\\/\",\"url\":\"https:\\\/\\\/sevensenders.com\\\/pl\\\/kontakt\\\/\",\"name\":\"Kontakt - Seven Senders\",\"isPartOf\":{\"@id\":\"https:\\\/\\\/sevensenders.com\\\/pl\\\/#website\"},\"datePublished\":\"2019-10-11T13:01:14+00:00\",\"dateModified\":\"2024-12-19T09:31:07+00:00\",\"description\":\"Czy maj\u0105 Pa\u0144stwo pytania dotycz\u0105ce dostaw transgranicznych oferowanych przez Seven Senders? Zapraszamy do kontaktu z nasze biura.\",\"breadcrumb\":{\"@id\":\"https:\\\/\\\/sevensenders.com\\\/pl\\\/kontakt\\\/#breadcrumb\"},\"inLanguage\":\"pl-PL\",\"potentialAction\":[{\"@type\":\"ReadAction\",\"target\":[\"https:\\\/\\\/sevensenders.com\\\/pl\\\/kontakt\\\/\"]}]},{\"@type\":\"BreadcrumbList\",\"@id\":\"https:\\\/\\\/sevensenders.com\\\/pl\\\/kontakt\\\/#breadcrumb\",\"itemListElement\":[{\"@type\":\"ListItem\",\"position\":1,\"name\":\"Home\",\"item\":\"https:\\\/\\\/sevensenders.com\\\/pl\\\/\"},{\"@type\":\"ListItem\",\"position\":2,\"name\":\"Kontakt\"}]},{\"@type\":\"WebSite\",\"@id\":\"https:\\\/\\\/sevensenders.com\\\/pl\\\/#website\",\"url\":\"https:\\\/\\\/sevensenders.com\\\/pl\\\/\",\"name\":\"Seven Senders\",\"description\":\"\",\"potentialAction\":[{\"@type\":\"SearchAction\",\"target\":{\"@type\":\"EntryPoint\",\"urlTemplate\":\"https:\\\/\\\/sevensenders.com\\\/pl\\\/?s={search_term_string}\"},\"query-input\":{\"@type\":\"PropertyValueSpecification\",\"valueRequired\":true,\"valueName\":\"search_term_string\"}}],\"inLanguage\":\"pl-PL\"}]}<\/script>\n<!-- \/ Yoast SEO plugin. -->","yoast_head_json":{"title":"Kontakt - Seven Senders","description":"Czy maja Panstwo pytania dotyczace dostaw transgranicznych oferowanych przez Seven Senders Zapraszamy do kontaktu z nasze biura.","robots":{"index":"index","follow":"follow","max-snippet":"max-snippet:-1","max-image-preview":"max-image-preview:large","max-video-preview":"max-video-preview:-1"},"canonical":"https:\/\/sevensenders.com\/pl\/kontakt\/","og_locale":"pl_PL","og_type":"article","og_title":"Kontakt - Seven Senders","og_description":"Czy maj\u0105 Pa\u0144stwo pytania dotycz\u0105ce dostaw transgranicznych oferowanych przez Seven Senders? Zapraszamy do kontaktu z nasze biura.","og_url":"https:\/\/sevensenders.com\/pl\/kontakt\/","og_site_name":"Seven Senders","article_modified_time":"2024-12-19T09:31:07+00:00","twitter_card":"summary_large_image","schema":{"@context":"https:\/\/schema.org","@graph":[{"@type":"WebPage","@id":"https:\/\/sevensenders.com\/pl\/kontakt\/","url":"https:\/\/sevensenders.com\/pl\/kontakt\/","name":"Kontakt - Seven Senders","isPartOf":{"@id":"https:\/\/sevensenders.com\/pl\/#website"},"datePublished":"2019-10-11T13:01:14+00:00","dateModified":"2024-12-19T09:31:07+00:00","description":"Czy maj\u0105 Pa\u0144stwo pytania dotycz\u0105ce dostaw transgranicznych oferowanych przez Seven Senders? Zapraszamy do kontaktu z nasze biura.","breadcrumb":{"@id":"https:\/\/sevensenders.com\/pl\/kontakt\/#breadcrumb"},"inLanguage":"pl-PL","potentialAction":[{"@type":"ReadAction","target":["https:\/\/sevensenders.com\/pl\/kontakt\/"]}]},{"@type":"BreadcrumbList","@id":"https:\/\/sevensenders.com\/pl\/kontakt\/#breadcrumb","itemListElement":[{"@type":"ListItem","position":1,"name":"Home","item":"https:\/\/sevensenders.com\/pl\/"},{"@type":"ListItem","position":2,"name":"Kontakt"}]},{"@type":"WebSite","@id":"https:\/\/sevensenders.com\/pl\/#website","url":"https:\/\/sevensenders.com\/pl\/","name":"Seven Senders","description":"","potentialAction":[{"@type":"SearchAction","target":{"@type":"EntryPoint","urlTemplate":"https:\/\/sevensenders.com\/pl\/?s={search_term_string}"},"query-input":{"@type":"PropertyValueSpecification","valueRequired":true,"valueName":"search_term_string"}}],"inLanguage":"pl-PL"}]}},"jetpack_shortlink":"https:\/\/wp.me\/PaXK3k-bEt","jetpack_sharing_enabled":true,"amp_enabled":false,"_links":{"self":[{"href":"https:\/\/sevensenders.com\/pl\/wp-json\/wp\/v2\/pages\/44793","targetHints":{"allow":["GET"]}}],"collection":[{"href":"https:\/\/sevensenders.com\/pl\/wp-json\/wp\/v2\/pages"}],"about":[{"href":"https:\/\/sevensenders.com\/pl\/wp-json\/wp\/v2\/types\/page"}],"author":[{"embeddable":true,"href":"https:\/\/sevensenders.com\/pl\/wp-json\/wp\/v2\/users\/155943245"}],"replies":[{"embeddable":true,"href":"https:\/\/sevensenders.com\/pl\/wp-json\/wp\/v2\/comments?post=44793"}],"version-history":[{"count":18,"href":"https:\/\/sevensenders.com\/pl\/wp-json\/wp\/v2\/pages\/44793\/revisions"}],"predecessor-version":[{"id":59511,"href":"https:\/\/sevensenders.com\/pl\/wp-json\/wp\/v2\/pages\/44793\/revisions\/59511"}],"wp:attachment":[{"href":"https:\/\/sevensenders.com\/pl\/wp-json\/wp\/v2\/media?parent=44793"}],"curies":[{"name":"wp","href":"https:\/\/api.w.org\/{rel}","templated":true}]}}