{"id":44429,"date":"2020-03-12T13:44:17","date_gmt":"2020-03-12T12:44:17","guid":{"rendered":"https:\/\/sevensenders.com\/partner\/"},"modified":"2022-12-16T15:45:50","modified_gmt":"2022-12-16T14:45:50","slug":"strona-partnerow","status":"publish","type":"page","link":"https:\/\/sevensenders.com\/pl\/strona-partnerow\/","title":{"rendered":"Strona Partner\u00f3w"},"content":{"rendered":"","protected":false},"excerpt":{"rendered":"<p>\n","protected":false},"author":155943245,"featured_media":0,"parent":0,"menu_order":0,"comment_status":"closed","ping_status":"closed","template":"page-templates\/partner.php","meta":{"_acf_changed":false,"_crdt_document":"","content-type":"","footnotes":""},"class_list":["post-44429","page","type-page","status-publish","hentry"],"acf":[],"yoast_head":"<!-- This site is optimized with the Yoast SEO plugin v27.5 - https:\/\/yoast.com\/product\/yoast-seo-wordpress\/ -->\n<title>Siec Partnerow Seven Senders<\/title>\n<meta name=\"description\" content=\"Silna siec partnerow Seven Senders wspomaga rozwoj miedzynarodowy \u2013 to zespol ekspertow na kazdym odcinku lancucha wartosci.\" \/>\n<meta name=\"robots\" content=\"noindex, follow\" \/>\n<meta property=\"og:locale\" content=\"pl_PL\" \/>\n<meta property=\"og:type\" content=\"article\" \/>\n<meta property=\"og:title\" content=\"Sie\u0107 Partner\u00f3w Seven Senders\" \/>\n<meta property=\"og:description\" content=\"Silna sie\u0107 partner\u00f3w Seven Senders wspomaga rozw\u00f3j mi\u0119dzynarodowy \u2013 to zesp\u00f3\u0142 ekspert\u00f3w na ka\u017cdym odcinku \u0142a\u0144cucha warto\u015bci.\" \/>\n<meta property=\"og:url\" content=\"https:\/\/sevensenders.com\/pl\/strona-partnerow\/\" \/>\n<meta property=\"og:site_name\" content=\"Seven Senders\" \/>\n<meta property=\"article:modified_time\" content=\"2022-12-16T14:45:50+00:00\" \/>\n<meta name=\"twitter:card\" content=\"summary_large_image\" \/>\n<script type=\"application\/ld+json\" class=\"yoast-schema-graph\">{\"@context\":\"https:\\\/\\\/schema.org\",\"@graph\":[{\"@type\":\"WebPage\",\"@id\":\"https:\\\/\\\/sevensenders.com\\\/pl\\\/strona-partnerow\\\/\",\"url\":\"https:\\\/\\\/sevensenders.com\\\/pl\\\/strona-partnerow\\\/\",\"name\":\"Sie\u0107 Partner\u00f3w Seven Senders\",\"isPartOf\":{\"@id\":\"https:\\\/\\\/sevensenders.com\\\/pl\\\/#website\"},\"datePublished\":\"2020-03-12T12:44:17+00:00\",\"dateModified\":\"2022-12-16T14:45:50+00:00\",\"description\":\"Silna sie\u0107 partner\u00f3w Seven Senders wspomaga rozw\u00f3j mi\u0119dzynarodowy \u2013 to zesp\u00f3\u0142 ekspert\u00f3w na ka\u017cdym odcinku \u0142a\u0144cucha warto\u015bci.\",\"breadcrumb\":{\"@id\":\"https:\\\/\\\/sevensenders.com\\\/pl\\\/strona-partnerow\\\/#breadcrumb\"},\"inLanguage\":\"pl-PL\",\"potentialAction\":[{\"@type\":\"ReadAction\",\"target\":[\"https:\\\/\\\/sevensenders.com\\\/pl\\\/strona-partnerow\\\/\"]}]},{\"@type\":\"BreadcrumbList\",\"@id\":\"https:\\\/\\\/sevensenders.com\\\/pl\\\/strona-partnerow\\\/#breadcrumb\",\"itemListElement\":[{\"@type\":\"ListItem\",\"position\":1,\"name\":\"Home\",\"item\":\"https:\\\/\\\/sevensenders.com\\\/pl\\\/\"},{\"@type\":\"ListItem\",\"position\":2,\"name\":\"Strona Partner\u00f3w\"}]},{\"@type\":\"WebSite\",\"@id\":\"https:\\\/\\\/sevensenders.com\\\/pl\\\/#website\",\"url\":\"https:\\\/\\\/sevensenders.com\\\/pl\\\/\",\"name\":\"Seven Senders\",\"description\":\"\",\"potentialAction\":[{\"@type\":\"SearchAction\",\"target\":{\"@type\":\"EntryPoint\",\"urlTemplate\":\"https:\\\/\\\/sevensenders.com\\\/pl\\\/?s={search_term_string}\"},\"query-input\":{\"@type\":\"PropertyValueSpecification\",\"valueRequired\":true,\"valueName\":\"search_term_string\"}}],\"inLanguage\":\"pl-PL\"}]}<\/script>\n<!-- \/ Yoast SEO plugin. -->","yoast_head_json":{"title":"Siec Partnerow Seven Senders","description":"Silna siec partnerow Seven Senders wspomaga rozwoj miedzynarodowy \u2013 to zespol ekspertow na kazdym odcinku lancucha wartosci.","robots":{"index":"noindex","follow":"follow"},"og_locale":"pl_PL","og_type":"article","og_title":"Sie\u0107 Partner\u00f3w Seven Senders","og_description":"Silna sie\u0107 partner\u00f3w Seven Senders wspomaga rozw\u00f3j mi\u0119dzynarodowy \u2013 to zesp\u00f3\u0142 ekspert\u00f3w na ka\u017cdym odcinku \u0142a\u0144cucha warto\u015bci.","og_url":"https:\/\/sevensenders.com\/pl\/strona-partnerow\/","og_site_name":"Seven Senders","article_modified_time":"2022-12-16T14:45:50+00:00","twitter_card":"summary_large_image","schema":{"@context":"https:\/\/schema.org","@graph":[{"@type":"WebPage","@id":"https:\/\/sevensenders.com\/pl\/strona-partnerow\/","url":"https:\/\/sevensenders.com\/pl\/strona-partnerow\/","name":"Sie\u0107 Partner\u00f3w Seven Senders","isPartOf":{"@id":"https:\/\/sevensenders.com\/pl\/#website"},"datePublished":"2020-03-12T12:44:17+00:00","dateModified":"2022-12-16T14:45:50+00:00","description":"Silna sie\u0107 partner\u00f3w Seven Senders wspomaga rozw\u00f3j mi\u0119dzynarodowy \u2013 to zesp\u00f3\u0142 ekspert\u00f3w na ka\u017cdym odcinku \u0142a\u0144cucha warto\u015bci.","breadcrumb":{"@id":"https:\/\/sevensenders.com\/pl\/strona-partnerow\/#breadcrumb"},"inLanguage":"pl-PL","potentialAction":[{"@type":"ReadAction","target":["https:\/\/sevensenders.com\/pl\/strona-partnerow\/"]}]},{"@type":"BreadcrumbList","@id":"https:\/\/sevensenders.com\/pl\/strona-partnerow\/#breadcrumb","itemListElement":[{"@type":"ListItem","position":1,"name":"Home","item":"https:\/\/sevensenders.com\/pl\/"},{"@type":"ListItem","position":2,"name":"Strona Partner\u00f3w"}]},{"@type":"WebSite","@id":"https:\/\/sevensenders.com\/pl\/#website","url":"https:\/\/sevensenders.com\/pl\/","name":"Seven Senders","description":"","potentialAction":[{"@type":"SearchAction","target":{"@type":"EntryPoint","urlTemplate":"https:\/\/sevensenders.com\/pl\/?s={search_term_string}"},"query-input":{"@type":"PropertyValueSpecification","valueRequired":true,"valueName":"search_term_string"}}],"inLanguage":"pl-PL"}]}},"jetpack_shortlink":"https:\/\/wp.me\/PaXK3k-byB","jetpack_sharing_enabled":true,"amp_enabled":false,"_links":{"self":[{"href":"https:\/\/sevensenders.com\/pl\/wp-json\/wp\/v2\/pages\/44429","targetHints":{"allow":["GET"]}}],"collection":[{"href":"https:\/\/sevensenders.com\/pl\/wp-json\/wp\/v2\/pages"}],"about":[{"href":"https:\/\/sevensenders.com\/pl\/wp-json\/wp\/v2\/types\/page"}],"author":[{"embeddable":true,"href":"https:\/\/sevensenders.com\/pl\/wp-json\/wp\/v2\/users\/155943245"}],"replies":[{"embeddable":true,"href":"https:\/\/sevensenders.com\/pl\/wp-json\/wp\/v2\/comments?post=44429"}],"version-history":[{"count":5,"href":"https:\/\/sevensenders.com\/pl\/wp-json\/wp\/v2\/pages\/44429\/revisions"}],"predecessor-version":[{"id":53338,"href":"https:\/\/sevensenders.com\/pl\/wp-json\/wp\/v2\/pages\/44429\/revisions\/53338"}],"wp:attachment":[{"href":"https:\/\/sevensenders.com\/pl\/wp-json\/wp\/v2\/media?parent=44429"}],"curies":[{"name":"wp","href":"https:\/\/api.w.org\/{rel}","templated":true}]}}