{"id":463,"date":"2019-10-08T10:36:56","date_gmt":"2019-10-08T08:36:56","guid":{"rendered":"https:\/\/sevensenders.com\/?page_id=463"},"modified":"2024-09-23T11:31:01","modified_gmt":"2024-09-23T09:31:01","slug":"livraison-europe","status":"publish","type":"page","link":"https:\/\/sevensenders.com\/fr\/solutions\/livraison-europe\/","title":{"rendered":"European Delivery"},"content":{"rendered":"","protected":false},"excerpt":{"rendered":"<p>\n","protected":false},"author":157271532,"featured_media":0,"parent":408,"menu_order":0,"comment_status":"closed","ping_status":"closed","template":"page-templates\/solution.php","meta":{"_acf_changed":false,"_crdt_document":"","content-type":"","footnotes":""},"class_list":["post-463","page","type-page","status-publish","hentry"],"acf":[],"yoast_head":"<!-- This site is optimized with the Yoast SEO plugin v27.5 - https:\/\/yoast.com\/product\/yoast-seo-wordpress\/ -->\n<title>Livraison en Europe \u00e0 partir d&#039;une source unique - Seven Senders<\/title>\n<meta name=\"description\" content=\"Augmenter la performance de votre livraison en Europe tout en r\u00e9duisant vos co\u00fbts. B\u00e9n\u00e9ficiez de notre r\u00e9seau de transporteurs locaux !\" \/>\n<meta name=\"robots\" content=\"index, follow, max-snippet:-1, max-image-preview:large, max-video-preview:-1\" \/>\n<link rel=\"canonical\" href=\"https:\/\/sevensenders.com\/fr\/solutions\/livraison-europe\/\" \/>\n<meta property=\"og:locale\" content=\"fr_FR\" \/>\n<meta property=\"og:type\" content=\"article\" \/>\n<meta property=\"og:title\" content=\"Livraison en Europe \u00e0 partir d&#039;une source unique - Seven Senders\" \/>\n<meta property=\"og:description\" content=\"Augmenter la performance de votre livraison en Europe tout en r\u00e9duisant vos co\u00fbts. B\u00e9n\u00e9ficiez de notre r\u00e9seau de transporteurs locaux !\" \/>\n<meta property=\"og:url\" content=\"https:\/\/sevensenders.com\/fr\/solutions\/livraison-europe\/\" \/>\n<meta property=\"og:site_name\" content=\"Seven Senders\" \/>\n<meta property=\"article:modified_time\" content=\"2024-09-23T09:31:01+00:00\" \/>\n<meta name=\"twitter:card\" content=\"summary_large_image\" \/>\n<script type=\"application\/ld+json\" class=\"yoast-schema-graph\">{\"@context\":\"https:\\\/\\\/schema.org\",\"@graph\":[{\"@type\":\"WebPage\",\"@id\":\"https:\\\/\\\/sevensenders.com\\\/fr\\\/solutions\\\/livraison-europe\\\/\",\"url\":\"https:\\\/\\\/sevensenders.com\\\/fr\\\/solutions\\\/livraison-europe\\\/\",\"name\":\"Livraison en Europe \u00e0 partir d'une source unique - Seven Senders\",\"isPartOf\":{\"@id\":\"https:\\\/\\\/sevensenders.com\\\/fr\\\/#website\"},\"datePublished\":\"2019-10-08T08:36:56+00:00\",\"dateModified\":\"2024-09-23T09:31:01+00:00\",\"description\":\"Augmenter la performance de votre livraison en Europe tout en r\u00e9duisant vos co\u00fbts. B\u00e9n\u00e9ficiez de notre r\u00e9seau de transporteurs locaux !\",\"breadcrumb\":{\"@id\":\"https:\\\/\\\/sevensenders.com\\\/fr\\\/solutions\\\/livraison-europe\\\/#breadcrumb\"},\"inLanguage\":\"fr-FR\",\"potentialAction\":[{\"@type\":\"ReadAction\",\"target\":[\"https:\\\/\\\/sevensenders.com\\\/fr\\\/solutions\\\/livraison-europe\\\/\"]}]},{\"@type\":\"BreadcrumbList\",\"@id\":\"https:\\\/\\\/sevensenders.com\\\/fr\\\/solutions\\\/livraison-europe\\\/#breadcrumb\",\"itemListElement\":[{\"@type\":\"ListItem\",\"position\":1,\"name\":\"Home\",\"item\":\"https:\\\/\\\/sevensenders.com\\\/fr\\\/\"},{\"@type\":\"ListItem\",\"position\":2,\"name\":\"Solutions\",\"item\":\"https:\\\/\\\/sevensenders.com\\\/fr\\\/solutions\\\/\"},{\"@type\":\"ListItem\",\"position\":3,\"name\":\"European Delivery\"}]},{\"@type\":\"WebSite\",\"@id\":\"https:\\\/\\\/sevensenders.com\\\/fr\\\/#website\",\"url\":\"https:\\\/\\\/sevensenders.com\\\/fr\\\/\",\"name\":\"Seven Senders\",\"description\":\"\",\"potentialAction\":[{\"@type\":\"SearchAction\",\"target\":{\"@type\":\"EntryPoint\",\"urlTemplate\":\"https:\\\/\\\/sevensenders.com\\\/fr\\\/?s={search_term_string}\"},\"query-input\":{\"@type\":\"PropertyValueSpecification\",\"valueRequired\":true,\"valueName\":\"search_term_string\"}}],\"inLanguage\":\"fr-FR\"}]}<\/script>\n<!-- \/ Yoast SEO plugin. -->","yoast_head_json":{"title":"Livraison en Europe \u00e0 partir d'une source unique - Seven Senders","description":"Augmenter la performance de votre livraison en Europe tout en r\u00e9duisant vos co\u00fbts. B\u00e9n\u00e9ficiez de notre r\u00e9seau de transporteurs locaux !","robots":{"index":"index","follow":"follow","max-snippet":"max-snippet:-1","max-image-preview":"max-image-preview:large","max-video-preview":"max-video-preview:-1"},"canonical":"https:\/\/sevensenders.com\/fr\/solutions\/livraison-europe\/","og_locale":"fr_FR","og_type":"article","og_title":"Livraison en Europe \u00e0 partir d'une source unique - Seven Senders","og_description":"Augmenter la performance de votre livraison en Europe tout en r\u00e9duisant vos co\u00fbts. B\u00e9n\u00e9ficiez de notre r\u00e9seau de transporteurs locaux !","og_url":"https:\/\/sevensenders.com\/fr\/solutions\/livraison-europe\/","og_site_name":"Seven Senders","article_modified_time":"2024-09-23T09:31:01+00:00","twitter_card":"summary_large_image","schema":{"@context":"https:\/\/schema.org","@graph":[{"@type":"WebPage","@id":"https:\/\/sevensenders.com\/fr\/solutions\/livraison-europe\/","url":"https:\/\/sevensenders.com\/fr\/solutions\/livraison-europe\/","name":"Livraison en Europe \u00e0 partir d'une source unique - Seven Senders","isPartOf":{"@id":"https:\/\/sevensenders.com\/fr\/#website"},"datePublished":"2019-10-08T08:36:56+00:00","dateModified":"2024-09-23T09:31:01+00:00","description":"Augmenter la performance de votre livraison en Europe tout en r\u00e9duisant vos co\u00fbts. B\u00e9n\u00e9ficiez de notre r\u00e9seau de transporteurs locaux !","breadcrumb":{"@id":"https:\/\/sevensenders.com\/fr\/solutions\/livraison-europe\/#breadcrumb"},"inLanguage":"fr-FR","potentialAction":[{"@type":"ReadAction","target":["https:\/\/sevensenders.com\/fr\/solutions\/livraison-europe\/"]}]},{"@type":"BreadcrumbList","@id":"https:\/\/sevensenders.com\/fr\/solutions\/livraison-europe\/#breadcrumb","itemListElement":[{"@type":"ListItem","position":1,"name":"Home","item":"https:\/\/sevensenders.com\/fr\/"},{"@type":"ListItem","position":2,"name":"Solutions","item":"https:\/\/sevensenders.com\/fr\/solutions\/"},{"@type":"ListItem","position":3,"name":"European Delivery"}]},{"@type":"WebSite","@id":"https:\/\/sevensenders.com\/fr\/#website","url":"https:\/\/sevensenders.com\/fr\/","name":"Seven Senders","description":"","potentialAction":[{"@type":"SearchAction","target":{"@type":"EntryPoint","urlTemplate":"https:\/\/sevensenders.com\/fr\/?s={search_term_string}"},"query-input":{"@type":"PropertyValueSpecification","valueRequired":true,"valueName":"search_term_string"}}],"inLanguage":"fr-FR"}]}},"jetpack_shortlink":"https:\/\/wp.me\/PaXK3k-7t","jetpack_sharing_enabled":true,"amp_enabled":false,"_links":{"self":[{"href":"https:\/\/sevensenders.com\/fr\/wp-json\/wp\/v2\/pages\/463","targetHints":{"allow":["GET"]}}],"collection":[{"href":"https:\/\/sevensenders.com\/fr\/wp-json\/wp\/v2\/pages"}],"about":[{"href":"https:\/\/sevensenders.com\/fr\/wp-json\/wp\/v2\/types\/page"}],"author":[{"embeddable":true,"href":"https:\/\/sevensenders.com\/fr\/wp-json\/wp\/v2\/users\/157271532"}],"replies":[{"embeddable":true,"href":"https:\/\/sevensenders.com\/fr\/wp-json\/wp\/v2\/comments?post=463"}],"version-history":[{"count":68,"href":"https:\/\/sevensenders.com\/fr\/wp-json\/wp\/v2\/pages\/463\/revisions"}],"predecessor-version":[{"id":59080,"href":"https:\/\/sevensenders.com\/fr\/wp-json\/wp\/v2\/pages\/463\/revisions\/59080"}],"up":[{"embeddable":true,"href":"https:\/\/sevensenders.com\/fr\/wp-json\/wp\/v2\/pages\/408"}],"wp:attachment":[{"href":"https:\/\/sevensenders.com\/fr\/wp-json\/wp\/v2\/media?parent=463"}],"curies":[{"name":"wp","href":"https:\/\/api.w.org\/{rel}","templated":true}]}}