{"id":1019,"date":"2019-10-17T16:13:57","date_gmt":"2019-10-17T14:13:57","guid":{"rendered":"https:\/\/sevensenders.com\/?page_id=1019"},"modified":"2022-09-28T16:44:41","modified_gmt":"2022-09-28T14:44:41","slug":"mentions-legales","status":"publish","type":"page","link":"https:\/\/sevensenders.com\/fr\/mentions-legales\/","title":{"rendered":"Mentions l\u00e9gales"},"content":{"rendered":"<div class=\"spacer s-bottom-huge\">\n<div class=\"dark-grey\">\n<h2>Le responsable de publication de ce site web est:<\/h2>\n<\/div>\n<\/div>\n<div class=\"policy-wrapper w-dyn-list\">\n<div class=\"francais w-dyn-items\">\n<div class=\"w-dyn-item\">\n<div class=\"spacer s-bottom-huge\">\n<div class=\"w-richtext\">\n<p><span class=\"company-name\">Seven Senders<\/span>\u00a0GmbH<br \/>\nDircksenstra\u00dfe 4<br \/>\n10179 Berlin<br \/>\nAllegmagne<br \/>\nemail:\u00a0<a href=\"mailto:info@sevensenders.com\" data-rt-link-type=\"email\">info@sevensenders.com<\/a>\u200d<\/p>\n<p>Registre de commerce (HRB) 164536 B, Tribunal de Berlin-Charlottenburg (Amtsgericht)<\/p>\n<p>Direction g\u00e9n\u00e9rale: Dr. Johannes Plehn, Thomas Hagemann<\/p>\n<p>USID: DE298143367<\/p>\n<p>&nbsp;<\/p>\n<p><strong>sources d&rsquo;images:\u00a0<\/strong><\/p>\n<p><span style=\"font-weight: 400;\">Stock Adobe:<\/span><br \/>\n<span style=\"font-weight: 400;\">#234027605 Bob<br \/>\n#251618779 Guy<\/span><br \/>\n<span style=\"font-weight: 400;\">#286824226 Psychoshadow<\/span><br \/>\n<span style=\"font-weight: 400;\">#209834529 evseev_tim<\/span><br \/>\n<span style=\"font-weight: 400;\">#274291643 nblxer<\/span><br \/>\n<span style=\"font-weight: 400;\">#293160594 Pavlo vakhrushev<\/span><\/p>\n<p><span style=\"font-weight: 400;\">Creative Common:<\/span><br \/>\n<span style=\"font-weight: 400;\">Rue Marbeuf by Ralf Treien \/ sans modification \/ CC by-sa 3.0 <\/span><a href=\"https:\/\/creativecommons.org\/licenses\/by-sa\/3.0\/deed.de\"><span style=\"font-weight: 400;\">https:\/\/creativecommons.org\/licenses\/by-sa\/3.0\/deed.de<\/span><\/a><\/p>\n<p><span style=\"font-weight: 400;\">Unsplash:<\/span><br \/>\n<span style=\"font-weight: 400;\">Paris &#8211; Alexander Kagan\u00a0<\/span><br \/>\n<span style=\"font-weight: 400;\">Paris &#8211; Augustin de Montesquiou<\/span><\/p>\n<div class=\"level__left\">\n<div class=\"level__item\">\n<div class=\"js-copy-attribute-content photo-page__adp-cta__container__attribution\">Pexels:<\/div>\n<div class=\"js-copy-attribute-content photo-page__adp-cta__container__attribution\">Photo by Aleksejs Bergmanis<span style=\"font-family: -apple-system, BlinkMacSystemFont, 'Segoe UI', Roboto, Oxygen-Sans, Ubuntu, Cantarell, 'Helvetica Neue', sans-serif;\">\u200d<\/span><\/div>\n<\/div>\n<\/div>\n<\/div>\n<p>Bien que nous ayons compil\u00e9 le contenu de cette page Web avec le plus grand soin, nous d\u00e9clinons toute responsabilit\u00e9 concernant l&rsquo;exactitude, la compl\u00e9tude et le choix du contenu. L&rsquo;entreprise <span class=\"company-name\">Seven Senders<\/span>\u00a0GmbH souhaite faire savoir qu\u2019elle n\u2019a aucune influence sur la conception et le contenu des sites Web li\u00e9s et \/ ou sur les autres sites Web li\u00e9s. Par cons\u00e9quent,\u00a0<span class=\"company-name\">Seven Senders<\/span>\u00a0GmbH se dissocie par la pr\u00e9sente et rejette express\u00e9ment la responsabilit\u00e9 de tout contenu d&rsquo;autres sites li\u00e9s ou non. Cette d\u00e9claration s\u2019applique \u00e0 tous les sites li\u00e9s \u00e0 la pr\u00e9sentation Internet de\u00a0<span class=\"company-name\">Seven Senders<\/span>\u00a0GmbH.<\/p>\n<\/div>\n<\/div>\n<\/div>\n<\/div>\n","protected":false},"excerpt":{"rendered":"<p>Le responsable de publication de ce site web est: Seven Senders\u00a0GmbH Dircksenstra\u00dfe 4 10179 Berlin Allegmagne email:\u00a0info@sevensenders.com\u200d Registre de commerce (HRB) 164536 B, Tribunal de Berlin-Charlottenburg (Amtsgericht) Direction g\u00e9n\u00e9rale: Dr. Johannes Plehn, Thomas Hagemann USID: DE298143367 &nbsp; sources d&rsquo;images:\u00a0 Stock Adobe: #234027605 Bob #251618779 Guy #286824226 Psychoshadow #209834529 evseev_tim #274291643 nblxer #293160594 Pavlo vakhrushev Creative<\/p>\n<p>\n","protected":false},"author":157271541,"featured_media":0,"parent":0,"menu_order":0,"comment_status":"closed","ping_status":"closed","template":"","meta":{"_acf_changed":false,"_crdt_document":"","content-type":"","footnotes":""},"class_list":["post-1019","page","type-page","status-publish","hentry"],"acf":[],"yoast_head":"<!-- This site is optimized with the Yoast SEO plugin v27.4 - https:\/\/yoast.com\/product\/yoast-seo-wordpress\/ -->\n<title>Mentions l\u00e9gales - Seven Senders<\/title>\n<meta name=\"robots\" content=\"index, follow, max-snippet:-1, max-image-preview:large, max-video-preview:-1\" \/>\n<link rel=\"canonical\" href=\"https:\/\/sevensenders.com\/fr\/mentions-legales\/\" \/>\n<meta property=\"og:locale\" content=\"fr_FR\" \/>\n<meta property=\"og:type\" content=\"article\" \/>\n<meta property=\"og:title\" content=\"Mentions l\u00e9gales - Seven Senders\" \/>\n<meta property=\"og:description\" content=\"Le responsable de publication de ce site web est: Seven Senders\u00a0GmbH Dircksenstra\u00dfe 4 10179 Berlin Allegmagne email:\u00a0info@sevensenders.com\u200d Registre de commerce (HRB) 164536 B, Tribunal de Berlin-Charlottenburg (Amtsgericht) Direction g\u00e9n\u00e9rale: Dr. Johannes Plehn, Thomas Hagemann USID: DE298143367 &nbsp; sources d&rsquo;images:\u00a0 Stock Adobe: #234027605 Bob #251618779 Guy #286824226 Psychoshadow #209834529 evseev_tim #274291643 nblxer #293160594 Pavlo vakhrushev Creative\" \/>\n<meta property=\"og:url\" content=\"https:\/\/sevensenders.com\/fr\/mentions-legales\/\" \/>\n<meta property=\"og:site_name\" content=\"Seven Senders\" \/>\n<meta property=\"article:modified_time\" content=\"2022-09-28T14:44:41+00:00\" \/>\n<meta name=\"twitter:card\" content=\"summary_large_image\" \/>\n<meta name=\"twitter:label1\" content=\"Dur\u00e9e de lecture estim\u00e9e\" \/>\n\t<meta name=\"twitter:data1\" content=\"1 minute\" \/>\n<script type=\"application\/ld+json\" class=\"yoast-schema-graph\">{\"@context\":\"https:\\\/\\\/schema.org\",\"@graph\":[{\"@type\":\"WebPage\",\"@id\":\"https:\\\/\\\/sevensenders.com\\\/fr\\\/mentions-legales\\\/\",\"url\":\"https:\\\/\\\/sevensenders.com\\\/fr\\\/mentions-legales\\\/\",\"name\":\"Mentions l\u00e9gales - Seven Senders\",\"isPartOf\":{\"@id\":\"https:\\\/\\\/sevensenders.com\\\/fr\\\/#website\"},\"datePublished\":\"2019-10-17T14:13:57+00:00\",\"dateModified\":\"2022-09-28T14:44:41+00:00\",\"breadcrumb\":{\"@id\":\"https:\\\/\\\/sevensenders.com\\\/fr\\\/mentions-legales\\\/#breadcrumb\"},\"inLanguage\":\"fr-FR\",\"potentialAction\":[{\"@type\":\"ReadAction\",\"target\":[\"https:\\\/\\\/sevensenders.com\\\/fr\\\/mentions-legales\\\/\"]}]},{\"@type\":\"BreadcrumbList\",\"@id\":\"https:\\\/\\\/sevensenders.com\\\/fr\\\/mentions-legales\\\/#breadcrumb\",\"itemListElement\":[{\"@type\":\"ListItem\",\"position\":1,\"name\":\"Home\",\"item\":\"https:\\\/\\\/sevensenders.com\\\/fr\\\/\"},{\"@type\":\"ListItem\",\"position\":2,\"name\":\"Mentions l\u00e9gales\"}]},{\"@type\":\"WebSite\",\"@id\":\"https:\\\/\\\/sevensenders.com\\\/fr\\\/#website\",\"url\":\"https:\\\/\\\/sevensenders.com\\\/fr\\\/\",\"name\":\"Seven Senders\",\"description\":\"\",\"potentialAction\":[{\"@type\":\"SearchAction\",\"target\":{\"@type\":\"EntryPoint\",\"urlTemplate\":\"https:\\\/\\\/sevensenders.com\\\/fr\\\/?s={search_term_string}\"},\"query-input\":{\"@type\":\"PropertyValueSpecification\",\"valueRequired\":true,\"valueName\":\"search_term_string\"}}],\"inLanguage\":\"fr-FR\"}]}<\/script>\n<!-- \/ Yoast SEO plugin. -->","yoast_head_json":{"title":"Mentions l\u00e9gales - Seven Senders","robots":{"index":"index","follow":"follow","max-snippet":"max-snippet:-1","max-image-preview":"max-image-preview:large","max-video-preview":"max-video-preview:-1"},"canonical":"https:\/\/sevensenders.com\/fr\/mentions-legales\/","og_locale":"fr_FR","og_type":"article","og_title":"Mentions l\u00e9gales - Seven Senders","og_description":"Le responsable de publication de ce site web est: Seven Senders\u00a0GmbH Dircksenstra\u00dfe 4 10179 Berlin Allegmagne email:\u00a0info@sevensenders.com\u200d Registre de commerce (HRB) 164536 B, Tribunal de Berlin-Charlottenburg (Amtsgericht) Direction g\u00e9n\u00e9rale: Dr. Johannes Plehn, Thomas Hagemann USID: DE298143367 &nbsp; sources d&rsquo;images:\u00a0 Stock Adobe: #234027605 Bob #251618779 Guy #286824226 Psychoshadow #209834529 evseev_tim #274291643 nblxer #293160594 Pavlo vakhrushev Creative","og_url":"https:\/\/sevensenders.com\/fr\/mentions-legales\/","og_site_name":"Seven Senders","article_modified_time":"2022-09-28T14:44:41+00:00","twitter_card":"summary_large_image","twitter_misc":{"Dur\u00e9e de lecture estim\u00e9e":"1 minute"},"schema":{"@context":"https:\/\/schema.org","@graph":[{"@type":"WebPage","@id":"https:\/\/sevensenders.com\/fr\/mentions-legales\/","url":"https:\/\/sevensenders.com\/fr\/mentions-legales\/","name":"Mentions l\u00e9gales - Seven Senders","isPartOf":{"@id":"https:\/\/sevensenders.com\/fr\/#website"},"datePublished":"2019-10-17T14:13:57+00:00","dateModified":"2022-09-28T14:44:41+00:00","breadcrumb":{"@id":"https:\/\/sevensenders.com\/fr\/mentions-legales\/#breadcrumb"},"inLanguage":"fr-FR","potentialAction":[{"@type":"ReadAction","target":["https:\/\/sevensenders.com\/fr\/mentions-legales\/"]}]},{"@type":"BreadcrumbList","@id":"https:\/\/sevensenders.com\/fr\/mentions-legales\/#breadcrumb","itemListElement":[{"@type":"ListItem","position":1,"name":"Home","item":"https:\/\/sevensenders.com\/fr\/"},{"@type":"ListItem","position":2,"name":"Mentions l\u00e9gales"}]},{"@type":"WebSite","@id":"https:\/\/sevensenders.com\/fr\/#website","url":"https:\/\/sevensenders.com\/fr\/","name":"Seven Senders","description":"","potentialAction":[{"@type":"SearchAction","target":{"@type":"EntryPoint","urlTemplate":"https:\/\/sevensenders.com\/fr\/?s={search_term_string}"},"query-input":{"@type":"PropertyValueSpecification","valueRequired":true,"valueName":"search_term_string"}}],"inLanguage":"fr-FR"}]}},"jetpack_shortlink":"https:\/\/wp.me\/PaXK3k-gr","jetpack_sharing_enabled":true,"amp_enabled":true,"_links":{"self":[{"href":"https:\/\/sevensenders.com\/fr\/wp-json\/wp\/v2\/pages\/1019","targetHints":{"allow":["GET"]}}],"collection":[{"href":"https:\/\/sevensenders.com\/fr\/wp-json\/wp\/v2\/pages"}],"about":[{"href":"https:\/\/sevensenders.com\/fr\/wp-json\/wp\/v2\/types\/page"}],"author":[{"embeddable":true,"href":"https:\/\/sevensenders.com\/fr\/wp-json\/wp\/v2\/users\/157271541"}],"replies":[{"embeddable":true,"href":"https:\/\/sevensenders.com\/fr\/wp-json\/wp\/v2\/comments?post=1019"}],"version-history":[{"count":13,"href":"https:\/\/sevensenders.com\/fr\/wp-json\/wp\/v2\/pages\/1019\/revisions"}],"predecessor-version":[{"id":52996,"href":"https:\/\/sevensenders.com\/fr\/wp-json\/wp\/v2\/pages\/1019\/revisions\/52996"}],"wp:attachment":[{"href":"https:\/\/sevensenders.com\/fr\/wp-json\/wp\/v2\/media?parent=1019"}],"curies":[{"name":"wp","href":"https:\/\/api.w.org\/{rel}","templated":true}]}}