{"id":10488,"date":"2019-10-08T10:32:29","date_gmt":"2019-10-08T08:32:29","guid":{"rendered":"https:\/\/sevensenders.com\/customer-communication\/"},"modified":"2024-09-23T14:00:52","modified_gmt":"2024-09-23T12:00:52","slug":"communication-clientes","status":"publish","type":"page","link":"https:\/\/sevensenders.com\/es\/soluciones\/communication-clientes\/","title":{"rendered":"Customer Communication"},"content":{"rendered":"","protected":false},"excerpt":{"rendered":"<p>\n","protected":false},"author":157271532,"featured_media":0,"parent":10538,"menu_order":0,"comment_status":"closed","ping_status":"closed","template":"page-templates\/solution.php","meta":{"_acf_changed":false,"_crdt_document":"","content-type":"","jetpack_post_was_ever_published":false,"footnotes":""},"class_list":["post-10488","page","type-page","status-publish","hentry"],"acf":[],"yoast_head":"<!-- This site is optimized with the Yoast SEO plugin v27.3 - https:\/\/yoast.com\/product\/yoast-seo-wordpress\/ -->\n<title>Comunicaci\u00f3n con el cliente en el env\u00edo - Seven Senders<\/title>\n<meta name=\"description\" content=\"La comunicaci\u00f3n es su factor decisivo en la navegaci\u00f3n. Mantenga a sus clientes informados proactivamente sobre el estado del env\u00edo. \u00a1Empiece ya!\" \/>\n<meta name=\"robots\" content=\"index, follow, max-snippet:-1, max-image-preview:large, max-video-preview:-1\" \/>\n<link rel=\"canonical\" href=\"https:\/\/sevensenders.com\/es\/soluciones\/communication-clientes\/\" \/>\n<meta property=\"og:locale\" content=\"es_ES\" \/>\n<meta property=\"og:type\" content=\"article\" \/>\n<meta property=\"og:title\" content=\"Comunicaci\u00f3n con el cliente en el env\u00edo - Seven Senders\" \/>\n<meta property=\"og:description\" content=\"La comunicaci\u00f3n es su factor decisivo en la navegaci\u00f3n. Mantenga a sus clientes informados proactivamente sobre el estado del env\u00edo. \u00a1Empiece ya!\" \/>\n<meta property=\"og:url\" content=\"https:\/\/sevensenders.com\/es\/soluciones\/communication-clientes\/\" \/>\n<meta property=\"og:site_name\" content=\"Seven Senders\" \/>\n<meta property=\"article:modified_time\" content=\"2024-09-23T12:00:52+00:00\" \/>\n<meta name=\"twitter:card\" content=\"summary_large_image\" \/>\n<script type=\"application\/ld+json\" class=\"yoast-schema-graph\">{\"@context\":\"https:\\\/\\\/schema.org\",\"@graph\":[{\"@type\":\"WebPage\",\"@id\":\"https:\\\/\\\/sevensenders.com\\\/es\\\/soluciones\\\/communication-clientes\\\/\",\"url\":\"https:\\\/\\\/sevensenders.com\\\/es\\\/soluciones\\\/communication-clientes\\\/\",\"name\":\"Comunicaci\u00f3n con el cliente en el env\u00edo - Seven Senders\",\"isPartOf\":{\"@id\":\"https:\\\/\\\/sevensenders.com\\\/es\\\/#website\"},\"datePublished\":\"2019-10-08T08:32:29+00:00\",\"dateModified\":\"2024-09-23T12:00:52+00:00\",\"description\":\"La comunicaci\u00f3n es su factor decisivo en la navegaci\u00f3n. Mantenga a sus clientes informados proactivamente sobre el estado del env\u00edo. \u00a1Empiece ya!\",\"breadcrumb\":{\"@id\":\"https:\\\/\\\/sevensenders.com\\\/es\\\/soluciones\\\/communication-clientes\\\/#breadcrumb\"},\"inLanguage\":\"es\",\"potentialAction\":[{\"@type\":\"ReadAction\",\"target\":[\"https:\\\/\\\/sevensenders.com\\\/es\\\/soluciones\\\/communication-clientes\\\/\"]}]},{\"@type\":\"BreadcrumbList\",\"@id\":\"https:\\\/\\\/sevensenders.com\\\/es\\\/soluciones\\\/communication-clientes\\\/#breadcrumb\",\"itemListElement\":[{\"@type\":\"ListItem\",\"position\":1,\"name\":\"Home\",\"item\":\"https:\\\/\\\/sevensenders.com\\\/es\\\/\"},{\"@type\":\"ListItem\",\"position\":2,\"name\":\"Solutions\",\"item\":\"https:\\\/\\\/sevensenders.com\\\/es\\\/soluciones\\\/\"},{\"@type\":\"ListItem\",\"position\":3,\"name\":\"Customer Communication\"}]},{\"@type\":\"WebSite\",\"@id\":\"https:\\\/\\\/sevensenders.com\\\/es\\\/#website\",\"url\":\"https:\\\/\\\/sevensenders.com\\\/es\\\/\",\"name\":\"Seven Senders\",\"description\":\"\",\"potentialAction\":[{\"@type\":\"SearchAction\",\"target\":{\"@type\":\"EntryPoint\",\"urlTemplate\":\"https:\\\/\\\/sevensenders.com\\\/es\\\/?s={search_term_string}\"},\"query-input\":{\"@type\":\"PropertyValueSpecification\",\"valueRequired\":true,\"valueName\":\"search_term_string\"}}],\"inLanguage\":\"es\"}]}<\/script>\n<!-- \/ Yoast SEO plugin. -->","yoast_head_json":{"title":"Comunicaci\u00f3n con el cliente en el env\u00edo - Seven Senders","description":"La comunicaci\u00f3n es su factor decisivo en la navegaci\u00f3n. Mantenga a sus clientes informados proactivamente sobre el estado del env\u00edo. \u00a1Empiece ya!","robots":{"index":"index","follow":"follow","max-snippet":"max-snippet:-1","max-image-preview":"max-image-preview:large","max-video-preview":"max-video-preview:-1"},"canonical":"https:\/\/sevensenders.com\/es\/soluciones\/communication-clientes\/","og_locale":"es_ES","og_type":"article","og_title":"Comunicaci\u00f3n con el cliente en el env\u00edo - Seven Senders","og_description":"La comunicaci\u00f3n es su factor decisivo en la navegaci\u00f3n. Mantenga a sus clientes informados proactivamente sobre el estado del env\u00edo. \u00a1Empiece ya!","og_url":"https:\/\/sevensenders.com\/es\/soluciones\/communication-clientes\/","og_site_name":"Seven Senders","article_modified_time":"2024-09-23T12:00:52+00:00","twitter_card":"summary_large_image","schema":{"@context":"https:\/\/schema.org","@graph":[{"@type":"WebPage","@id":"https:\/\/sevensenders.com\/es\/soluciones\/communication-clientes\/","url":"https:\/\/sevensenders.com\/es\/soluciones\/communication-clientes\/","name":"Comunicaci\u00f3n con el cliente en el env\u00edo - Seven Senders","isPartOf":{"@id":"https:\/\/sevensenders.com\/es\/#website"},"datePublished":"2019-10-08T08:32:29+00:00","dateModified":"2024-09-23T12:00:52+00:00","description":"La comunicaci\u00f3n es su factor decisivo en la navegaci\u00f3n. Mantenga a sus clientes informados proactivamente sobre el estado del env\u00edo. \u00a1Empiece ya!","breadcrumb":{"@id":"https:\/\/sevensenders.com\/es\/soluciones\/communication-clientes\/#breadcrumb"},"inLanguage":"es","potentialAction":[{"@type":"ReadAction","target":["https:\/\/sevensenders.com\/es\/soluciones\/communication-clientes\/"]}]},{"@type":"BreadcrumbList","@id":"https:\/\/sevensenders.com\/es\/soluciones\/communication-clientes\/#breadcrumb","itemListElement":[{"@type":"ListItem","position":1,"name":"Home","item":"https:\/\/sevensenders.com\/es\/"},{"@type":"ListItem","position":2,"name":"Solutions","item":"https:\/\/sevensenders.com\/es\/soluciones\/"},{"@type":"ListItem","position":3,"name":"Customer Communication"}]},{"@type":"WebSite","@id":"https:\/\/sevensenders.com\/es\/#website","url":"https:\/\/sevensenders.com\/es\/","name":"Seven Senders","description":"","potentialAction":[{"@type":"SearchAction","target":{"@type":"EntryPoint","urlTemplate":"https:\/\/sevensenders.com\/es\/?s={search_term_string}"},"query-input":{"@type":"PropertyValueSpecification","valueRequired":true,"valueName":"search_term_string"}}],"inLanguage":"es"}]}},"jetpack_shortlink":"https:\/\/wp.me\/PaXK3k-2Ja","jetpack_sharing_enabled":true,"amp_enabled":false,"_links":{"self":[{"href":"https:\/\/sevensenders.com\/es\/wp-json\/wp\/v2\/pages\/10488","targetHints":{"allow":["GET"]}}],"collection":[{"href":"https:\/\/sevensenders.com\/es\/wp-json\/wp\/v2\/pages"}],"about":[{"href":"https:\/\/sevensenders.com\/es\/wp-json\/wp\/v2\/types\/page"}],"author":[{"embeddable":true,"href":"https:\/\/sevensenders.com\/es\/wp-json\/wp\/v2\/users\/157271532"}],"replies":[{"embeddable":true,"href":"https:\/\/sevensenders.com\/es\/wp-json\/wp\/v2\/comments?post=10488"}],"version-history":[{"count":15,"href":"https:\/\/sevensenders.com\/es\/wp-json\/wp\/v2\/pages\/10488\/revisions"}],"predecessor-version":[{"id":59095,"href":"https:\/\/sevensenders.com\/es\/wp-json\/wp\/v2\/pages\/10488\/revisions\/59095"}],"up":[{"embeddable":true,"href":"https:\/\/sevensenders.com\/es\/wp-json\/wp\/v2\/pages\/10538"}],"wp:attachment":[{"href":"https:\/\/sevensenders.com\/es\/wp-json\/wp\/v2\/media?parent=10488"}],"curies":[{"name":"wp","href":"https:\/\/api.w.org\/{rel}","templated":true}]}}