{"id":10459,"date":"2020-09-27T18:10:28","date_gmt":"2020-09-27T16:10:28","guid":{"rendered":"https:\/\/sevensenders.com\/?page_id=10459"},"modified":"2022-09-28T16:45:37","modified_gmt":"2022-09-28T14:45:37","slug":"aviso-legal","status":"publish","type":"page","link":"https:\/\/sevensenders.com\/es\/aviso-legal\/","title":{"rendered":"Legal Notice"},"content":{"rendered":"\r\n<p><strong>Responsable de todo el contenido publicado en este sitio web:<\/strong><\/p>\r\n<p>Seven Senders GmbH <br \/>Dircksenstra\u00dfe 4<br \/>10179 Berlin Germany<br \/>correo electr\u00f3nico: <a href=\"mailto:%20info@sevensenders.com\">info@sevensenders.com<\/a><\/p>\r\n<p>Registro mercantil (HRB) 164536 B, tribunal de primera instancia (Amtsgericht) de Berl\u00edn-Charlottenburg <br \/>Directores generales: Dr. Johannes Plehn, Thomas Hagemann <br \/>NIF-IVA: DE298143367<\/p>\r\n<p><strong>Fuentes de las im\u00e1genes:\u00a0<\/strong><\/p>\r\n<p>Stock Adobe:<br \/>#234027605 Bob<br \/>#251618779 Guy<br \/>#286824226 Psychoshadow<br \/>#209834529 evseev_tim<br \/>#274291643 nblxer<br \/>#293160594 Pavlo vakhrushev<\/p>\r\n<p>Creative Common:<br \/>Rue Marbeuf by Ralf Treien \/ sin modificaci\u00f3n \/ CC by-sa 3.0 <a href=\"https:\/\/creativecommons.org\/licenses\/by-sa\/3.0\/deed.de\">https:\/\/creativecommons.org\/licenses\/by-sa\/3.0\/deed.de<\/a><br \/><br \/>Unsplash:<br \/>Paris &#8211; Alexander Kagan\u00a0<br \/>Paris &#8211; Augustin de Montesquiou<\/p>\r\n<div class=\"js-copy-attribute-content photo-page__adp-cta__container__attribution\">Pexels:<\/div>\r\n<div class=\"js-copy-attribute-content photo-page__adp-cta__container__attribution\">Photo de Aleksejs Bergmanis\u200d<\/div>\r\n\r\n\r\n\r\n\r\n\r\n\r\n\r\n<p class=\"wp-block-paragraph\">&nbsp;<\/p>\r\n<p>Aunque el contenido de este sitio web se ha redactado con el m\u00e1ximo esmero, no nos hacemos responsables de la exactitud, la integridad ni la selecci\u00f3n del mismo. Seven Senders GmbH advierte expl\u00edcitamente de que no ejerce ning\u00fan control sobre la redacci\u00f3n ni el contenido de las p\u00e1ginas enlazadas ni sobre otros sitios web enlazados. Por este motivo, Seven Senders GmbH se desvincula expresamente de todo el contenido de todas las p\u00e1ginas enlazadas y no reconoce dicho contenido como suyo. Esta declaraci\u00f3n es v\u00e1lida para todas las p\u00e1ginas enlazadas en el sitio web de Seven Senders GmbH.<\/p>\r\n\r\n\r\n","protected":false},"excerpt":{"rendered":"<p>Responsable de todo el contenido publicado en este sitio web: Seven Senders GmbH Dircksenstra\u00dfe 410179 Berlin Germanycorreo electr\u00f3nico: info@sevensenders.com Registro mercantil (HRB) 164536 B, tribunal de primera instancia (Amtsgericht) de Berl\u00edn-Charlottenburg Directores generales: Dr. Johannes Plehn, Thomas Hagemann NIF-IVA: DE298143367 Fuentes de las im\u00e1genes:\u00a0 Stock Adobe:#234027605 Bob#251618779 Guy#286824226 Psychoshadow#209834529 evseev_tim#274291643 nblxer#293160594 Pavlo vakhrushev Creative Common:Rue<\/p>\n<p>\n","protected":false},"author":157271541,"featured_media":0,"parent":0,"menu_order":0,"comment_status":"closed","ping_status":"closed","template":"","meta":{"_acf_changed":false,"_crdt_document":"","content-type":"","jetpack_post_was_ever_published":false,"footnotes":""},"class_list":["post-10459","page","type-page","status-publish","hentry"],"acf":[],"yoast_head":"<!-- This site is optimized with the Yoast SEO plugin v27.3 - https:\/\/yoast.com\/product\/yoast-seo-wordpress\/ -->\n<title>Aviso Legal - Seven Senders<\/title>\n<meta name=\"robots\" content=\"index, follow, max-snippet:-1, max-image-preview:large, max-video-preview:-1\" \/>\n<link rel=\"canonical\" href=\"https:\/\/sevensenders.com\/es\/aviso-legal\/\" \/>\n<meta property=\"og:locale\" content=\"es_ES\" \/>\n<meta property=\"og:type\" content=\"article\" \/>\n<meta property=\"og:title\" content=\"Aviso Legal - Seven Senders\" \/>\n<meta property=\"og:description\" content=\"Responsable de todo el contenido publicado en este sitio web: Seven Senders GmbH Dircksenstra\u00dfe 410179 Berlin Germanycorreo electr\u00f3nico: info@sevensenders.com Registro mercantil (HRB) 164536 B, tribunal de primera instancia (Amtsgericht) de Berl\u00edn-Charlottenburg Directores generales: Dr. Johannes Plehn, Thomas Hagemann NIF-IVA: DE298143367 Fuentes de las im\u00e1genes:\u00a0 Stock Adobe:#234027605 Bob#251618779 Guy#286824226 Psychoshadow#209834529 evseev_tim#274291643 nblxer#293160594 Pavlo vakhrushev Creative Common:Rue\" \/>\n<meta property=\"og:url\" content=\"https:\/\/sevensenders.com\/es\/aviso-legal\/\" \/>\n<meta property=\"og:site_name\" content=\"Seven Senders\" \/>\n<meta property=\"article:modified_time\" content=\"2022-09-28T14:45:37+00:00\" \/>\n<meta name=\"twitter:card\" content=\"summary_large_image\" \/>\n<meta name=\"twitter:label1\" content=\"Tiempo de lectura\" \/>\n\t<meta name=\"twitter:data1\" content=\"1 minuto\" \/>\n<script type=\"application\/ld+json\" class=\"yoast-schema-graph\">{\"@context\":\"https:\\\/\\\/schema.org\",\"@graph\":[{\"@type\":\"WebPage\",\"@id\":\"https:\\\/\\\/sevensenders.com\\\/es\\\/aviso-legal\\\/\",\"url\":\"https:\\\/\\\/sevensenders.com\\\/es\\\/aviso-legal\\\/\",\"name\":\"Aviso Legal - Seven Senders\",\"isPartOf\":{\"@id\":\"https:\\\/\\\/sevensenders.com\\\/es\\\/#website\"},\"datePublished\":\"2020-09-27T16:10:28+00:00\",\"dateModified\":\"2022-09-28T14:45:37+00:00\",\"breadcrumb\":{\"@id\":\"https:\\\/\\\/sevensenders.com\\\/es\\\/aviso-legal\\\/#breadcrumb\"},\"inLanguage\":\"es\",\"potentialAction\":[{\"@type\":\"ReadAction\",\"target\":[\"https:\\\/\\\/sevensenders.com\\\/es\\\/aviso-legal\\\/\"]}]},{\"@type\":\"BreadcrumbList\",\"@id\":\"https:\\\/\\\/sevensenders.com\\\/es\\\/aviso-legal\\\/#breadcrumb\",\"itemListElement\":[{\"@type\":\"ListItem\",\"position\":1,\"name\":\"Home\",\"item\":\"https:\\\/\\\/sevensenders.com\\\/es\\\/\"},{\"@type\":\"ListItem\",\"position\":2,\"name\":\"Legal Notice\"}]},{\"@type\":\"WebSite\",\"@id\":\"https:\\\/\\\/sevensenders.com\\\/es\\\/#website\",\"url\":\"https:\\\/\\\/sevensenders.com\\\/es\\\/\",\"name\":\"Seven Senders\",\"description\":\"\",\"potentialAction\":[{\"@type\":\"SearchAction\",\"target\":{\"@type\":\"EntryPoint\",\"urlTemplate\":\"https:\\\/\\\/sevensenders.com\\\/es\\\/?s={search_term_string}\"},\"query-input\":{\"@type\":\"PropertyValueSpecification\",\"valueRequired\":true,\"valueName\":\"search_term_string\"}}],\"inLanguage\":\"es\"}]}<\/script>\n<!-- \/ Yoast SEO plugin. -->","yoast_head_json":{"title":"Aviso Legal - Seven Senders","robots":{"index":"index","follow":"follow","max-snippet":"max-snippet:-1","max-image-preview":"max-image-preview:large","max-video-preview":"max-video-preview:-1"},"canonical":"https:\/\/sevensenders.com\/es\/aviso-legal\/","og_locale":"es_ES","og_type":"article","og_title":"Aviso Legal - Seven Senders","og_description":"Responsable de todo el contenido publicado en este sitio web: Seven Senders GmbH Dircksenstra\u00dfe 410179 Berlin Germanycorreo electr\u00f3nico: info@sevensenders.com Registro mercantil (HRB) 164536 B, tribunal de primera instancia (Amtsgericht) de Berl\u00edn-Charlottenburg Directores generales: Dr. Johannes Plehn, Thomas Hagemann NIF-IVA: DE298143367 Fuentes de las im\u00e1genes:\u00a0 Stock Adobe:#234027605 Bob#251618779 Guy#286824226 Psychoshadow#209834529 evseev_tim#274291643 nblxer#293160594 Pavlo vakhrushev Creative Common:Rue","og_url":"https:\/\/sevensenders.com\/es\/aviso-legal\/","og_site_name":"Seven Senders","article_modified_time":"2022-09-28T14:45:37+00:00","twitter_card":"summary_large_image","twitter_misc":{"Tiempo de lectura":"1 minuto"},"schema":{"@context":"https:\/\/schema.org","@graph":[{"@type":"WebPage","@id":"https:\/\/sevensenders.com\/es\/aviso-legal\/","url":"https:\/\/sevensenders.com\/es\/aviso-legal\/","name":"Aviso Legal - Seven Senders","isPartOf":{"@id":"https:\/\/sevensenders.com\/es\/#website"},"datePublished":"2020-09-27T16:10:28+00:00","dateModified":"2022-09-28T14:45:37+00:00","breadcrumb":{"@id":"https:\/\/sevensenders.com\/es\/aviso-legal\/#breadcrumb"},"inLanguage":"es","potentialAction":[{"@type":"ReadAction","target":["https:\/\/sevensenders.com\/es\/aviso-legal\/"]}]},{"@type":"BreadcrumbList","@id":"https:\/\/sevensenders.com\/es\/aviso-legal\/#breadcrumb","itemListElement":[{"@type":"ListItem","position":1,"name":"Home","item":"https:\/\/sevensenders.com\/es\/"},{"@type":"ListItem","position":2,"name":"Legal Notice"}]},{"@type":"WebSite","@id":"https:\/\/sevensenders.com\/es\/#website","url":"https:\/\/sevensenders.com\/es\/","name":"Seven Senders","description":"","potentialAction":[{"@type":"SearchAction","target":{"@type":"EntryPoint","urlTemplate":"https:\/\/sevensenders.com\/es\/?s={search_term_string}"},"query-input":{"@type":"PropertyValueSpecification","valueRequired":true,"valueName":"search_term_string"}}],"inLanguage":"es"}]}},"jetpack_shortlink":"https:\/\/wp.me\/PaXK3k-2IH","jetpack_sharing_enabled":true,"amp_enabled":true,"_links":{"self":[{"href":"https:\/\/sevensenders.com\/es\/wp-json\/wp\/v2\/pages\/10459","targetHints":{"allow":["GET"]}}],"collection":[{"href":"https:\/\/sevensenders.com\/es\/wp-json\/wp\/v2\/pages"}],"about":[{"href":"https:\/\/sevensenders.com\/es\/wp-json\/wp\/v2\/types\/page"}],"author":[{"embeddable":true,"href":"https:\/\/sevensenders.com\/es\/wp-json\/wp\/v2\/users\/157271541"}],"replies":[{"embeddable":true,"href":"https:\/\/sevensenders.com\/es\/wp-json\/wp\/v2\/comments?post=10459"}],"version-history":[{"count":8,"href":"https:\/\/sevensenders.com\/es\/wp-json\/wp\/v2\/pages\/10459\/revisions"}],"predecessor-version":[{"id":52999,"href":"https:\/\/sevensenders.com\/es\/wp-json\/wp\/v2\/pages\/10459\/revisions\/52999"}],"wp:attachment":[{"href":"https:\/\/sevensenders.com\/es\/wp-json\/wp\/v2\/media?parent=10459"}],"curies":[{"name":"wp","href":"https:\/\/api.w.org\/{rel}","templated":true}]}}