{"id":55260,"date":"2023-07-03T15:26:19","date_gmt":"2023-07-03T13:26:19","guid":{"rendered":"https:\/\/sevensenders.com\/?page_id=55260"},"modified":"2023-07-03T15:26:19","modified_gmt":"2023-07-03T13:26:19","slug":"pudo-locator","status":"publish","type":"page","link":"https:\/\/sevensenders.com\/de\/pudo-locator\/","title":{"rendered":"PUDO-Locator"},"content":{"rendered":"","protected":false},"excerpt":{"rendered":"<p>\n","protected":false},"author":157271541,"featured_media":0,"parent":0,"menu_order":0,"comment_status":"closed","ping_status":"closed","template":"page-templates\/landing-page-template.php","meta":{"_acf_changed":false,"_crdt_document":"","content-type":"","footnotes":""},"class_list":["post-55260","page","type-page","status-publish","hentry"],"acf":[],"yoast_head":"<!-- This site is optimized with the Yoast SEO plugin v27.5 - https:\/\/yoast.com\/product\/yoast-seo-wordpress\/ -->\n<title>PUDO-Locator - Seven Senders<\/title>\n<meta name=\"description\" content=\"Seven Senders PUDO-Locator bietet einfachen Zugang zu allen europ\u00e4ischen PUDOs \u00fcber eine einzige API-Integration. F\u00fcgen PUDO-Locator in Ihrem Checkout ein!\" \/>\n<meta name=\"robots\" content=\"index, follow, max-snippet:-1, max-image-preview:large, max-video-preview:-1\" \/>\n<link rel=\"canonical\" href=\"https:\/\/sevensenders.com\/de\/pudo-locator\/\" \/>\n<meta property=\"og:locale\" content=\"de_DE\" \/>\n<meta property=\"og:type\" content=\"article\" \/>\n<meta property=\"og:title\" content=\"PUDO-Locator - Seven Senders\" \/>\n<meta property=\"og:description\" content=\"Seven Senders PUDO-Locator bietet einfachen Zugang zu allen europ\u00e4ischen PUDOs \u00fcber eine einzige API-Integration. F\u00fcgen PUDO-Locator in Ihrem Checkout ein!\" \/>\n<meta property=\"og:url\" content=\"https:\/\/sevensenders.com\/de\/pudo-locator\/\" \/>\n<meta property=\"og:site_name\" content=\"Seven Senders\" \/>\n<meta name=\"twitter:card\" content=\"summary_large_image\" \/>\n<script type=\"application\/ld+json\" class=\"yoast-schema-graph\">{\"@context\":\"https:\\\/\\\/schema.org\",\"@graph\":[{\"@type\":\"WebPage\",\"@id\":\"https:\\\/\\\/sevensenders.com\\\/de\\\/pudo-locator\\\/\",\"url\":\"https:\\\/\\\/sevensenders.com\\\/de\\\/pudo-locator\\\/\",\"name\":\"PUDO-Locator - Seven Senders\",\"isPartOf\":{\"@id\":\"https:\\\/\\\/sevensenders.com\\\/de\\\/#website\"},\"datePublished\":\"2023-07-03T13:26:19+00:00\",\"description\":\"Seven Senders PUDO-Locator bietet einfachen Zugang zu allen europ\u00e4ischen PUDOs \u00fcber eine einzige API-Integration. F\u00fcgen PUDO-Locator in Ihrem Checkout ein!\",\"breadcrumb\":{\"@id\":\"https:\\\/\\\/sevensenders.com\\\/de\\\/pudo-locator\\\/#breadcrumb\"},\"inLanguage\":\"de\",\"potentialAction\":[{\"@type\":\"ReadAction\",\"target\":[\"https:\\\/\\\/sevensenders.com\\\/de\\\/pudo-locator\\\/\"]}]},{\"@type\":\"BreadcrumbList\",\"@id\":\"https:\\\/\\\/sevensenders.com\\\/de\\\/pudo-locator\\\/#breadcrumb\",\"itemListElement\":[{\"@type\":\"ListItem\",\"position\":1,\"name\":\"Home\",\"item\":\"https:\\\/\\\/sevensenders.com\\\/de\\\/\"},{\"@type\":\"ListItem\",\"position\":2,\"name\":\"PUDO-Locator\"}]},{\"@type\":\"WebSite\",\"@id\":\"https:\\\/\\\/sevensenders.com\\\/de\\\/#website\",\"url\":\"https:\\\/\\\/sevensenders.com\\\/de\\\/\",\"name\":\"Seven Senders\",\"description\":\"\",\"potentialAction\":[{\"@type\":\"SearchAction\",\"target\":{\"@type\":\"EntryPoint\",\"urlTemplate\":\"https:\\\/\\\/sevensenders.com\\\/de\\\/?s={search_term_string}\"},\"query-input\":{\"@type\":\"PropertyValueSpecification\",\"valueRequired\":true,\"valueName\":\"search_term_string\"}}],\"inLanguage\":\"de\"}]}<\/script>\n<!-- \/ Yoast SEO plugin. -->","yoast_head_json":{"title":"PUDO-Locator - Seven Senders","description":"Seven Senders PUDO-Locator bietet einfachen Zugang zu allen europ\u00e4ischen PUDOs \u00fcber eine einzige API-Integration. F\u00fcgen PUDO-Locator in Ihrem Checkout ein!","robots":{"index":"index","follow":"follow","max-snippet":"max-snippet:-1","max-image-preview":"max-image-preview:large","max-video-preview":"max-video-preview:-1"},"canonical":"https:\/\/sevensenders.com\/de\/pudo-locator\/","og_locale":"de_DE","og_type":"article","og_title":"PUDO-Locator - Seven Senders","og_description":"Seven Senders PUDO-Locator bietet einfachen Zugang zu allen europ\u00e4ischen PUDOs \u00fcber eine einzige API-Integration. F\u00fcgen PUDO-Locator in Ihrem Checkout ein!","og_url":"https:\/\/sevensenders.com\/de\/pudo-locator\/","og_site_name":"Seven Senders","twitter_card":"summary_large_image","schema":{"@context":"https:\/\/schema.org","@graph":[{"@type":"WebPage","@id":"https:\/\/sevensenders.com\/de\/pudo-locator\/","url":"https:\/\/sevensenders.com\/de\/pudo-locator\/","name":"PUDO-Locator - Seven Senders","isPartOf":{"@id":"https:\/\/sevensenders.com\/de\/#website"},"datePublished":"2023-07-03T13:26:19+00:00","description":"Seven Senders PUDO-Locator bietet einfachen Zugang zu allen europ\u00e4ischen PUDOs \u00fcber eine einzige API-Integration. F\u00fcgen PUDO-Locator in Ihrem Checkout ein!","breadcrumb":{"@id":"https:\/\/sevensenders.com\/de\/pudo-locator\/#breadcrumb"},"inLanguage":"de","potentialAction":[{"@type":"ReadAction","target":["https:\/\/sevensenders.com\/de\/pudo-locator\/"]}]},{"@type":"BreadcrumbList","@id":"https:\/\/sevensenders.com\/de\/pudo-locator\/#breadcrumb","itemListElement":[{"@type":"ListItem","position":1,"name":"Home","item":"https:\/\/sevensenders.com\/de\/"},{"@type":"ListItem","position":2,"name":"PUDO-Locator"}]},{"@type":"WebSite","@id":"https:\/\/sevensenders.com\/de\/#website","url":"https:\/\/sevensenders.com\/de\/","name":"Seven Senders","description":"","potentialAction":[{"@type":"SearchAction","target":{"@type":"EntryPoint","urlTemplate":"https:\/\/sevensenders.com\/de\/?s={search_term_string}"},"query-input":{"@type":"PropertyValueSpecification","valueRequired":true,"valueName":"search_term_string"}}],"inLanguage":"de"}]}},"jetpack_shortlink":"https:\/\/wp.me\/PaXK3k-eni","jetpack_sharing_enabled":true,"amp_enabled":false,"_links":{"self":[{"href":"https:\/\/sevensenders.com\/de\/wp-json\/wp\/v2\/pages\/55260","targetHints":{"allow":["GET"]}}],"collection":[{"href":"https:\/\/sevensenders.com\/de\/wp-json\/wp\/v2\/pages"}],"about":[{"href":"https:\/\/sevensenders.com\/de\/wp-json\/wp\/v2\/types\/page"}],"author":[{"embeddable":true,"href":"https:\/\/sevensenders.com\/de\/wp-json\/wp\/v2\/users\/157271541"}],"replies":[{"embeddable":true,"href":"https:\/\/sevensenders.com\/de\/wp-json\/wp\/v2\/comments?post=55260"}],"version-history":[{"count":8,"href":"https:\/\/sevensenders.com\/de\/wp-json\/wp\/v2\/pages\/55260\/revisions"}],"predecessor-version":[{"id":55313,"href":"https:\/\/sevensenders.com\/de\/wp-json\/wp\/v2\/pages\/55260\/revisions\/55313"}],"wp:attachment":[{"href":"https:\/\/sevensenders.com\/de\/wp-json\/wp\/v2\/media?parent=55260"}],"curies":[{"name":"wp","href":"https:\/\/api.w.org\/{rel}","templated":true}]}}