{"id":426,"date":"2019-10-08T10:20:35","date_gmt":"2019-10-08T08:20:35","guid":{"rendered":"https:\/\/sevensenders.com\/?page_id=426"},"modified":"2024-09-23T14:13:08","modified_gmt":"2024-09-23T12:13:08","slug":"umsatz-steigern","status":"publish","type":"page","link":"https:\/\/sevensenders.com\/de\/loesungen\/umsatz-steigern\/","title":{"rendered":"Increase sales"},"content":{"rendered":"","protected":false},"excerpt":{"rendered":"<p>\n","protected":false},"author":157271541,"featured_media":0,"parent":90,"menu_order":0,"comment_status":"closed","ping_status":"closed","template":"page-templates\/solution.php","meta":{"_acf_changed":false,"_crdt_document":"","content-type":"","jetpack_post_was_ever_published":false,"footnotes":""},"class_list":["post-426","page","type-page","status-publish","hentry"],"acf":[],"yoast_head":"<!-- This site is optimized with the Yoast SEO plugin v26.9 - https:\/\/yoast.com\/product\/yoast-seo-wordpress\/ -->\n<title>Ums\u00e4tze steigern durch schnellen Versand \u2013 Seven Senders<\/title>\n<meta name=\"description\" content=\"Erobern Sie durch optimalen Paketversand international neue M\u00e4rkte. Jetzt mit Logistikoptimierung Kundenzufriedenheit erh\u00f6hen und Ums\u00e4tze steigern!\" \/>\n<meta name=\"robots\" content=\"index, follow, max-snippet:-1, max-image-preview:large, max-video-preview:-1\" \/>\n<link rel=\"canonical\" href=\"https:\/\/sevensenders.com\/de\/loesungen\/umsatz-steigern\/\" \/>\n<meta property=\"og:locale\" content=\"de_DE\" \/>\n<meta property=\"og:type\" content=\"article\" \/>\n<meta property=\"og:title\" content=\"Ums\u00e4tze steigern durch schnellen Versand \u2013 Seven Senders\" \/>\n<meta property=\"og:description\" content=\"Erobern Sie durch optimalen Paketversand international neue M\u00e4rkte. Jetzt mit Logistikoptimierung Kundenzufriedenheit erh\u00f6hen und Ums\u00e4tze steigern!\" \/>\n<meta property=\"og:url\" content=\"https:\/\/sevensenders.com\/de\/loesungen\/umsatz-steigern\/\" \/>\n<meta property=\"og:site_name\" content=\"Seven Senders\" \/>\n<meta property=\"article:modified_time\" content=\"2024-09-23T12:13:08+00:00\" \/>\n<meta name=\"twitter:card\" content=\"summary_large_image\" \/>\n<script type=\"application\/ld+json\" class=\"yoast-schema-graph\">{\"@context\":\"https:\/\/schema.org\",\"@graph\":[{\"@type\":\"WebPage\",\"@id\":\"https:\/\/sevensenders.com\/de\/loesungen\/umsatz-steigern\/\",\"url\":\"https:\/\/sevensenders.com\/de\/loesungen\/umsatz-steigern\/\",\"name\":\"Ums\u00e4tze steigern durch schnellen Versand \u2013 Seven Senders\",\"isPartOf\":{\"@id\":\"https:\/\/sevensenders.com\/de\/#website\"},\"datePublished\":\"2019-10-08T08:20:35+00:00\",\"dateModified\":\"2024-09-23T12:13:08+00:00\",\"description\":\"Erobern Sie durch optimalen Paketversand international neue M\u00e4rkte. Jetzt mit Logistikoptimierung Kundenzufriedenheit erh\u00f6hen und Ums\u00e4tze steigern!\",\"breadcrumb\":{\"@id\":\"https:\/\/sevensenders.com\/de\/loesungen\/umsatz-steigern\/#breadcrumb\"},\"inLanguage\":\"de\",\"potentialAction\":[{\"@type\":\"ReadAction\",\"target\":[\"https:\/\/sevensenders.com\/de\/loesungen\/umsatz-steigern\/\"]}]},{\"@type\":\"BreadcrumbList\",\"@id\":\"https:\/\/sevensenders.com\/de\/loesungen\/umsatz-steigern\/#breadcrumb\",\"itemListElement\":[{\"@type\":\"ListItem\",\"position\":1,\"name\":\"Home\",\"item\":\"https:\/\/sevensenders.com\/de\/\"},{\"@type\":\"ListItem\",\"position\":2,\"name\":\"Solutions\",\"item\":\"https:\/\/sevensenders.com\/de\/loesungen\/\"},{\"@type\":\"ListItem\",\"position\":3,\"name\":\"Increase sales\"}]},{\"@type\":\"WebSite\",\"@id\":\"https:\/\/sevensenders.com\/de\/#website\",\"url\":\"https:\/\/sevensenders.com\/de\/\",\"name\":\"Seven Senders\",\"description\":\"\",\"potentialAction\":[{\"@type\":\"SearchAction\",\"target\":{\"@type\":\"EntryPoint\",\"urlTemplate\":\"https:\/\/sevensenders.com\/de\/?s={search_term_string}\"},\"query-input\":{\"@type\":\"PropertyValueSpecification\",\"valueRequired\":true,\"valueName\":\"search_term_string\"}}],\"inLanguage\":\"de\"}]}<\/script>\n<!-- \/ Yoast SEO plugin. -->","yoast_head_json":{"title":"Ums\u00e4tze steigern durch schnellen Versand \u2013 Seven Senders","description":"Erobern Sie durch optimalen Paketversand international neue M\u00e4rkte. Jetzt mit Logistikoptimierung Kundenzufriedenheit erh\u00f6hen und Ums\u00e4tze steigern!","robots":{"index":"index","follow":"follow","max-snippet":"max-snippet:-1","max-image-preview":"max-image-preview:large","max-video-preview":"max-video-preview:-1"},"canonical":"https:\/\/sevensenders.com\/de\/loesungen\/umsatz-steigern\/","og_locale":"de_DE","og_type":"article","og_title":"Ums\u00e4tze steigern durch schnellen Versand \u2013 Seven Senders","og_description":"Erobern Sie durch optimalen Paketversand international neue M\u00e4rkte. Jetzt mit Logistikoptimierung Kundenzufriedenheit erh\u00f6hen und Ums\u00e4tze steigern!","og_url":"https:\/\/sevensenders.com\/de\/loesungen\/umsatz-steigern\/","og_site_name":"Seven Senders","article_modified_time":"2024-09-23T12:13:08+00:00","twitter_card":"summary_large_image","schema":{"@context":"https:\/\/schema.org","@graph":[{"@type":"WebPage","@id":"https:\/\/sevensenders.com\/de\/loesungen\/umsatz-steigern\/","url":"https:\/\/sevensenders.com\/de\/loesungen\/umsatz-steigern\/","name":"Ums\u00e4tze steigern durch schnellen Versand \u2013 Seven Senders","isPartOf":{"@id":"https:\/\/sevensenders.com\/de\/#website"},"datePublished":"2019-10-08T08:20:35+00:00","dateModified":"2024-09-23T12:13:08+00:00","description":"Erobern Sie durch optimalen Paketversand international neue M\u00e4rkte. Jetzt mit Logistikoptimierung Kundenzufriedenheit erh\u00f6hen und Ums\u00e4tze steigern!","breadcrumb":{"@id":"https:\/\/sevensenders.com\/de\/loesungen\/umsatz-steigern\/#breadcrumb"},"inLanguage":"de","potentialAction":[{"@type":"ReadAction","target":["https:\/\/sevensenders.com\/de\/loesungen\/umsatz-steigern\/"]}]},{"@type":"BreadcrumbList","@id":"https:\/\/sevensenders.com\/de\/loesungen\/umsatz-steigern\/#breadcrumb","itemListElement":[{"@type":"ListItem","position":1,"name":"Home","item":"https:\/\/sevensenders.com\/de\/"},{"@type":"ListItem","position":2,"name":"Solutions","item":"https:\/\/sevensenders.com\/de\/loesungen\/"},{"@type":"ListItem","position":3,"name":"Increase sales"}]},{"@type":"WebSite","@id":"https:\/\/sevensenders.com\/de\/#website","url":"https:\/\/sevensenders.com\/de\/","name":"Seven Senders","description":"","potentialAction":[{"@type":"SearchAction","target":{"@type":"EntryPoint","urlTemplate":"https:\/\/sevensenders.com\/de\/?s={search_term_string}"},"query-input":{"@type":"PropertyValueSpecification","valueRequired":true,"valueName":"search_term_string"}}],"inLanguage":"de"}]}},"jetpack_shortlink":"https:\/\/wp.me\/PaXK3k-6S","jetpack_sharing_enabled":true,"amp_enabled":false,"_links":{"self":[{"href":"https:\/\/sevensenders.com\/de\/wp-json\/wp\/v2\/pages\/426","targetHints":{"allow":["GET"]}}],"collection":[{"href":"https:\/\/sevensenders.com\/de\/wp-json\/wp\/v2\/pages"}],"about":[{"href":"https:\/\/sevensenders.com\/de\/wp-json\/wp\/v2\/types\/page"}],"author":[{"embeddable":true,"href":"https:\/\/sevensenders.com\/de\/wp-json\/wp\/v2\/users\/157271541"}],"replies":[{"embeddable":true,"href":"https:\/\/sevensenders.com\/de\/wp-json\/wp\/v2\/comments?post=426"}],"version-history":[{"count":43,"href":"https:\/\/sevensenders.com\/de\/wp-json\/wp\/v2\/pages\/426\/revisions"}],"predecessor-version":[{"id":59101,"href":"https:\/\/sevensenders.com\/de\/wp-json\/wp\/v2\/pages\/426\/revisions\/59101"}],"up":[{"embeddable":true,"href":"https:\/\/sevensenders.com\/de\/wp-json\/wp\/v2\/pages\/90"}],"wp:attachment":[{"href":"https:\/\/sevensenders.com\/de\/wp-json\/wp\/v2\/media?parent=426"}],"curies":[{"name":"wp","href":"https:\/\/api.w.org\/{rel}","templated":true}]}}