{"id":3,"date":"2019-05-10T10:16:06","date_gmt":"2019-05-10T10:16:06","guid":{"rendered":"http:\/\/46.101.215.232\/sevensenders\/?page_id=3"},"modified":"2022-09-28T16:44:22","modified_gmt":"2022-09-28T14:44:22","slug":"impressum","status":"publish","type":"page","link":"https:\/\/sevensenders.com\/de\/impressum\/","title":{"rendered":"Impressum"},"content":{"rendered":"\r\n<h5 class=\"wp-block-heading\">Verantwortlich f\u00fcr alle Inhalte, die auf dieser Webseite ver\u00f6ffentlicht sind, ist:<\/h5>\r\n\r\n\r\n\r\n\r\n\r\n<p class=\"wp-block-paragraph\">Seven Senders GmbH<br \/>Dircksenstra\u00dfe 4<br \/>10179 Berlin<br \/>Deutschland<br \/>Email:\u00a0<a href=\"mailto:info@sevensenders.com\">info@sevensenders.com<\/a>\u200d<\/p>\r\n\r\n\r\n\r\n\r\n\r\n\r\n\r\n\r\n\r\n\r\n\r\n\r\n\r\n\r\n\r\n\r\n\r\n<p class=\"wp-block-paragraph\">Handelsregister (HRB) 164536 B, District Court (Amtsgericht) Berlin-Charlottenburg<br \/>Gesch\u00e4ftsf\u00fchrer: Dr. Johannes Plehn, Thomas Hagemann<\/p>\r\n\r\n\r\n\r\n\r\n\r\n<p class=\"wp-block-paragraph\">USID: DE298143367\u200d<\/p>\r\n<p><strong>Bildquellen:\u00a0<\/strong><\/p>\r\n<p><span style=\"font-weight: 400;\">Stock Adobe:<\/span><br \/><span style=\"font-weight: 400;\">#234027605 Bob<br \/><\/span><span style=\"font-weight: 400;\">#251618779 Guy<\/span><br \/><span style=\"font-weight: 400;\">#286824226 Psychoshadow<\/span><br \/><span style=\"font-weight: 400;\">#209834529 evseev_tim<\/span><br \/><span style=\"font-weight: 400;\">#274291643 nblxer<\/span><br \/><span style=\"font-weight: 400;\">#293160594 Pavlo vakhrushev<\/span><\/p>\r\n<p><span style=\"font-weight: 400;\">Creative Common:<\/span><br \/><span style=\"font-weight: 400;\">Rue Marbeuf by Ralf Treien \/ ohne \u00c4nderung \/ CC by-sa 3.0 <\/span><a href=\"https:\/\/creativecommons.org\/licenses\/by-sa\/3.0\/deed.de\"><span style=\"font-weight: 400;\">https:\/\/creativecommons.org\/licenses\/by-sa\/3.0\/deed.de<\/span><\/a><br \/><br \/><span style=\"font-weight: 400;\">Unsplash:<\/span><br \/><span style=\"font-weight: 400;\">Paris &#8211; Alexander Kagan\u00a0<\/span><br \/><span style=\"font-weight: 400;\">Paris &#8211; Augustin de Montesquiou<\/span><\/p>\r\n\r\n\r\n\r\n\r\n\r\n<div class=\"js-copy-attribute-content photo-page__adp-cta__container__attribution\">Pexels:<\/div>\r\n<div class=\"js-copy-attribute-content photo-page__adp-cta__container__attribution\">Photo by Aleksejs Bergmanis<span style=\"font-family: -apple-system, BlinkMacSystemFont, 'Segoe UI', Roboto, Oxygen-Sans, Ubuntu, Cantarell, 'Helvetica Neue', sans-serif;\">\u200d<\/span><\/div>\r\n<p class=\"wp-block-paragraph\">Obwohl wir den Inhalt dieser Seite mit gr\u00f6\u00dftm\u00f6glicher Sorgfalt zusammengestellt haben, \u00fcbernehmen wir keine Haftung f\u00fcr die Richtigkeit, Vollst\u00e4ndigkeit und Auswahl der Inhalte. Die Seven Senders GmbH m\u00f6chte ausdr\u00fccklich darauf hinweisen, dass sie keinerlei Einfluss auf die Gestaltung und die Inhalte der gelinkten Seiten hat und \/ oder auf weiteren verlinkten Websites. Deshalb distanziert sich die Seven Senders GmbH hiermit ausdr\u00fccklich von allen Inhalten aller gelinkten Seiten und macht sich ihre Inhalte nicht zu eigen. Diese Erkl\u00e4rung gilt f\u00fcr alle auf der Internetpr\u00e4senz der Seven Senders GmbH verlinkten Seiten.<\/p>\r\n\r\n\r\n\r\n<p class=\"wp-block-paragraph\">&nbsp;<\/p>\r\n","protected":false},"excerpt":{"rendered":"<p>Verantwortlich f\u00fcr alle Inhalte, die auf dieser Webseite ver\u00f6ffentlicht sind, ist: Seven Senders GmbHDircksenstra\u00dfe 410179 BerlinDeutschlandEmail:\u00a0info@sevensenders.com\u200d Handelsregister (HRB) 164536 B, District Court (Amtsgericht) Berlin-CharlottenburgGesch\u00e4ftsf\u00fchrer: Dr. Johannes Plehn, Thomas Hagemann USID: DE298143367\u200d Bildquellen:\u00a0 Stock Adobe:#234027605 Bob#251618779 Guy#286824226 Psychoshadow#209834529 evseev_tim#274291643 nblxer#293160594 Pavlo vakhrushev Creative Common:Rue Marbeuf by Ralf Treien \/ ohne \u00c4nderung \/ CC by-sa 3.0 <a href=\"https:\/\/creativecommons.org\/licenses\/by-sa\/3.0\/deed.de\" rel=\"nofollow\">https:\/\/creativecommons.org\/licenses\/by-sa\/3.0\/deed.de<\/a><\/p>\n<p>\n","protected":false},"author":155943245,"featured_media":0,"parent":0,"menu_order":0,"comment_status":"closed","ping_status":"closed","template":"","meta":{"_acf_changed":false,"_crdt_document":"","content-type":"","footnotes":""},"class_list":["post-3","page","type-page","status-publish","hentry"],"acf":[],"yoast_head":"<!-- This site is optimized with the Yoast SEO plugin v27.5 - https:\/\/yoast.com\/product\/yoast-seo-wordpress\/ -->\n<title>Impressum - Seven Senders<\/title>\n<meta name=\"robots\" content=\"index, follow, max-snippet:-1, max-image-preview:large, max-video-preview:-1\" \/>\n<link rel=\"canonical\" href=\"https:\/\/sevensenders.com\/de\/impressum\/\" \/>\n<meta property=\"og:locale\" content=\"de_DE\" \/>\n<meta property=\"og:type\" content=\"article\" \/>\n<meta property=\"og:title\" content=\"Impressum - Seven Senders\" \/>\n<meta property=\"og:description\" content=\"Verantwortlich f\u00fcr alle Inhalte, die auf dieser Webseite ver\u00f6ffentlicht sind, ist: Seven Senders GmbHDircksenstra\u00dfe 410179 BerlinDeutschlandEmail:\u00a0info@sevensenders.com\u200d Handelsregister (HRB) 164536 B, District Court (Amtsgericht) Berlin-CharlottenburgGesch\u00e4ftsf\u00fchrer: Dr. Johannes Plehn, Thomas Hagemann USID: DE298143367\u200d Bildquellen:\u00a0 Stock Adobe:#234027605 Bob#251618779 Guy#286824226 Psychoshadow#209834529 evseev_tim#274291643 nblxer#293160594 Pavlo vakhrushev Creative Common:Rue Marbeuf by Ralf Treien \/ ohne \u00c4nderung \/ CC by-sa 3.0 https:\/\/creativecommons.org\/licenses\/by-sa\/3.0\/deed.de\" \/>\n<meta property=\"og:url\" content=\"https:\/\/sevensenders.com\/de\/impressum\/\" \/>\n<meta property=\"og:site_name\" content=\"Seven Senders\" \/>\n<meta property=\"article:modified_time\" content=\"2022-09-28T14:44:22+00:00\" \/>\n<meta name=\"twitter:card\" content=\"summary_large_image\" \/>\n<meta name=\"twitter:label1\" content=\"Gesch\u00e4tzte Lesezeit\" \/>\n\t<meta name=\"twitter:data1\" content=\"1\u00a0Minute\" \/>\n<script type=\"application\/ld+json\" class=\"yoast-schema-graph\">{\"@context\":\"https:\\\/\\\/schema.org\",\"@graph\":[{\"@type\":\"WebPage\",\"@id\":\"https:\\\/\\\/sevensenders.com\\\/de\\\/impressum\\\/\",\"url\":\"https:\\\/\\\/sevensenders.com\\\/de\\\/impressum\\\/\",\"name\":\"Impressum - Seven Senders\",\"isPartOf\":{\"@id\":\"https:\\\/\\\/sevensenders.com\\\/de\\\/#website\"},\"datePublished\":\"2019-05-10T10:16:06+00:00\",\"dateModified\":\"2022-09-28T14:44:22+00:00\",\"breadcrumb\":{\"@id\":\"https:\\\/\\\/sevensenders.com\\\/de\\\/impressum\\\/#breadcrumb\"},\"inLanguage\":\"de\",\"potentialAction\":[{\"@type\":\"ReadAction\",\"target\":[\"https:\\\/\\\/sevensenders.com\\\/de\\\/impressum\\\/\"]}]},{\"@type\":\"BreadcrumbList\",\"@id\":\"https:\\\/\\\/sevensenders.com\\\/de\\\/impressum\\\/#breadcrumb\",\"itemListElement\":[{\"@type\":\"ListItem\",\"position\":1,\"name\":\"Home\",\"item\":\"https:\\\/\\\/sevensenders.com\\\/de\\\/\"},{\"@type\":\"ListItem\",\"position\":2,\"name\":\"Impressum\"}]},{\"@type\":\"WebSite\",\"@id\":\"https:\\\/\\\/sevensenders.com\\\/de\\\/#website\",\"url\":\"https:\\\/\\\/sevensenders.com\\\/de\\\/\",\"name\":\"Seven Senders\",\"description\":\"\",\"potentialAction\":[{\"@type\":\"SearchAction\",\"target\":{\"@type\":\"EntryPoint\",\"urlTemplate\":\"https:\\\/\\\/sevensenders.com\\\/de\\\/?s={search_term_string}\"},\"query-input\":{\"@type\":\"PropertyValueSpecification\",\"valueRequired\":true,\"valueName\":\"search_term_string\"}}],\"inLanguage\":\"de\"}]}<\/script>\n<!-- \/ Yoast SEO plugin. -->","yoast_head_json":{"title":"Impressum - Seven Senders","robots":{"index":"index","follow":"follow","max-snippet":"max-snippet:-1","max-image-preview":"max-image-preview:large","max-video-preview":"max-video-preview:-1"},"canonical":"https:\/\/sevensenders.com\/de\/impressum\/","og_locale":"de_DE","og_type":"article","og_title":"Impressum - Seven Senders","og_description":"Verantwortlich f\u00fcr alle Inhalte, die auf dieser Webseite ver\u00f6ffentlicht sind, ist: Seven Senders GmbHDircksenstra\u00dfe 410179 BerlinDeutschlandEmail:\u00a0info@sevensenders.com\u200d Handelsregister (HRB) 164536 B, District Court (Amtsgericht) Berlin-CharlottenburgGesch\u00e4ftsf\u00fchrer: Dr. Johannes Plehn, Thomas Hagemann USID: DE298143367\u200d Bildquellen:\u00a0 Stock Adobe:#234027605 Bob#251618779 Guy#286824226 Psychoshadow#209834529 evseev_tim#274291643 nblxer#293160594 Pavlo vakhrushev Creative Common:Rue Marbeuf by Ralf Treien \/ ohne \u00c4nderung \/ CC by-sa 3.0 https:\/\/creativecommons.org\/licenses\/by-sa\/3.0\/deed.de","og_url":"https:\/\/sevensenders.com\/de\/impressum\/","og_site_name":"Seven Senders","article_modified_time":"2022-09-28T14:44:22+00:00","twitter_card":"summary_large_image","twitter_misc":{"Gesch\u00e4tzte Lesezeit":"1\u00a0Minute"},"schema":{"@context":"https:\/\/schema.org","@graph":[{"@type":"WebPage","@id":"https:\/\/sevensenders.com\/de\/impressum\/","url":"https:\/\/sevensenders.com\/de\/impressum\/","name":"Impressum - Seven Senders","isPartOf":{"@id":"https:\/\/sevensenders.com\/de\/#website"},"datePublished":"2019-05-10T10:16:06+00:00","dateModified":"2022-09-28T14:44:22+00:00","breadcrumb":{"@id":"https:\/\/sevensenders.com\/de\/impressum\/#breadcrumb"},"inLanguage":"de","potentialAction":[{"@type":"ReadAction","target":["https:\/\/sevensenders.com\/de\/impressum\/"]}]},{"@type":"BreadcrumbList","@id":"https:\/\/sevensenders.com\/de\/impressum\/#breadcrumb","itemListElement":[{"@type":"ListItem","position":1,"name":"Home","item":"https:\/\/sevensenders.com\/de\/"},{"@type":"ListItem","position":2,"name":"Impressum"}]},{"@type":"WebSite","@id":"https:\/\/sevensenders.com\/de\/#website","url":"https:\/\/sevensenders.com\/de\/","name":"Seven Senders","description":"","potentialAction":[{"@type":"SearchAction","target":{"@type":"EntryPoint","urlTemplate":"https:\/\/sevensenders.com\/de\/?s={search_term_string}"},"query-input":{"@type":"PropertyValueSpecification","valueRequired":true,"valueName":"search_term_string"}}],"inLanguage":"de"}]}},"jetpack_shortlink":"https:\/\/wp.me\/PaXK3k-3","jetpack_sharing_enabled":true,"amp_enabled":true,"_links":{"self":[{"href":"https:\/\/sevensenders.com\/de\/wp-json\/wp\/v2\/pages\/3","targetHints":{"allow":["GET"]}}],"collection":[{"href":"https:\/\/sevensenders.com\/de\/wp-json\/wp\/v2\/pages"}],"about":[{"href":"https:\/\/sevensenders.com\/de\/wp-json\/wp\/v2\/types\/page"}],"author":[{"embeddable":true,"href":"https:\/\/sevensenders.com\/de\/wp-json\/wp\/v2\/users\/155943245"}],"replies":[{"embeddable":true,"href":"https:\/\/sevensenders.com\/de\/wp-json\/wp\/v2\/comments?post=3"}],"version-history":[{"count":20,"href":"https:\/\/sevensenders.com\/de\/wp-json\/wp\/v2\/pages\/3\/revisions"}],"predecessor-version":[{"id":52995,"href":"https:\/\/sevensenders.com\/de\/wp-json\/wp\/v2\/pages\/3\/revisions\/52995"}],"wp:attachment":[{"href":"https:\/\/sevensenders.com\/de\/wp-json\/wp\/v2\/media?parent=3"}],"curies":[{"name":"wp","href":"https:\/\/api.w.org\/{rel}","templated":true}]}}